{"id":258999,"date":"2021-05-21T12:10:55","date_gmt":"2021-05-21T10:10:55","guid":{"rendered":"https:\/\/www.omrserrature.it\/waehlen-sie-ihr-elektronisches-schloss\/"},"modified":"2026-04-08T10:58:46","modified_gmt":"2026-04-08T08:58:46","slug":"waehlen-sie-ihr-elektronisches-schloss","status":"publish","type":"page","link":"https:\/\/www.omrserrature.it\/de\/waehlen-sie-ihr-elektronisches-schloss\/","title":{"rendered":"W\u00e4hlen Sie Ihr elektronisches Schloss"},"content":{"rendered":"<p>[et_pb_section fb_built=&#8220;1&#8243; _builder_version=&#8220;4.27.4&#8243; custom_padding=&#8220;1px|2%||2%|false|true&#8220; global_colors_info=&#8220;{}&#8220;][et_pb_row _builder_version=&#8220;4.27.4&#8243; _module_preset=&#8220;default&#8220; global_colors_info=&#8220;{}&#8220;][et_pb_column type=&#8220;4_4&#8243; _builder_version=&#8220;4.27.4&#8243; _module_preset=&#8220;default&#8220; global_colors_info=&#8220;{}&#8220;][et_pb_text _builder_version=&#8220;4.27.4&#8243; background_size=&#8220;initial&#8220; background_position=&#8220;top_left&#8220; background_repeat=&#8220;repeat&#8220; global_colors_info=&#8220;{}&#8220;]<\/p>\n<h2>Wie sieht Ihr ideales elektronisches Schloss aus?<\/h2>\n<h3><span style=\"font-size: 15px; font-weight: 400; font-style: italic; color: black; line-height: 12px;\">W\u00e4hlen Sie unten die Funktionen aus, die Ihr elektronisches Schloss haben soll: Die Website bietet Ihnen auf Ihre Bed\u00fcrfnisse zugeschnittene L\u00f6sungen.<\/span><\/h2>\n<\/h3>\n<p>Die elektronischen Schl\u00f6sser von OMR sind in zahlreichen Varianten erh\u00e4ltlich: Sie k\u00f6nnen entscheiden, ob Sie sie durch Drehen und Bet\u00e4tigen des Knopfes, durch Eingabe eines Codes \u00fcber die ergonomische <strong>Silikontastatur<\/strong>, mit Ihrem <strong>Mobiltelefon<\/strong> \u00fcber NFC oder Bluetooth, mit einem farbigen <strong>Gummiarmband<\/strong>, mit einem <strong>Schl\u00fcsselanh\u00e4nger<\/strong> oder mit Ihrem <strong>Firmen-RFID-Ausweis<\/strong> \u00f6ffnen m\u00f6chten. Die elektronischen Schl\u00f6sser sind der h\u00f6chste Ausdruck technologischer Innovation, der auf diese technischen Elemente angewendet wird. Die Kombination dieser Schl\u00f6sser ist in der Tat digital, was bedeutet, dass zum \u00d6ffnen kein Schl\u00fcssel erforderlich ist. Das hat viele positive Auswirkungen: Sie m\u00fcssen keinen relativ sperrigen Gegenstand mit sich f\u00fchren, aber vor allem vermeiden Sie die M\u00f6glichkeit, dass der Verlust eines Schl\u00fcssels den Zugang verhindern k\u00f6nnte.  <\/p>\n<p><strong>Die Sicherheit<\/strong> profitiert nat\u00fcrlich auch stark von dem <strong>digitalisierten \u00d6ffnungssystem<\/strong>, denn es verhindert, dass jemand in betr\u00fcgerischer Absicht Kopien von Schl\u00fcsseln anfertigt. Aber mit welchen Systemen k\u00f6nnen elektronische Schl\u00f6sser ge\u00f6ffnet werden? OMR Schloss bietet eine Reihe von L\u00f6sungen an, die alle <strong>ein hohes Ma\u00df an Sicherheit garantieren: Die \u00d6ffnung<\/strong> oder sogar die Programmierung dieser Schl\u00f6sser kann<strong>durch Eingabe eines PIN-Codes, \u00fcber NFC-Smartphones, RFID Proximity- und Mifare-Ger\u00e4te, HSC (High Security Code) oder sogar \u00fcber Bluetooth erfolgen.<\/strong> Die elektronischen Schl\u00f6sser von OMR Serrature sind mit einem integrierten ergonomischen Drehknopf ausgestattet, der ein einfaches \u00d6ffnen erm\u00f6glicht. Das Unternehmen entwickelt und fertigt seine Produkte au\u00dferdem so, dass sie \u00e4u\u00dferst benutzerfreundlich sind, d.h. sehr einfach und intuitiv zu bedienen.  <\/p>\n<p>OMR <strong>Schloss w\u00e4hlt die<\/strong> <strong>Herstellungsmaterialien<\/strong> sorgf\u00e4ltig <strong>aus<\/strong>, damit das <strong>Produkt robust und langlebig ist<\/strong> und Vandalismus oder Einbruchsversuchen standh\u00e4lt. Au\u00dferdem sind die elektronischen Schl\u00f6sser von OMR <strong>garantiert IP54-zertifiziert<\/strong>, was bedeutet, dass sie <strong>auch in feuchten Umgebungen<\/strong> problemlos verwendet werden k\u00f6nnen <strong>.<\/strong> Die <strong>gut durchdachten<\/strong> und ausgesprochen <strong>kompakten<\/strong> elektronischen Schl\u00f6sser von OMR Serrature garantieren auch in \u00f6kologischer und wirtschaftlicher Hinsicht eine <strong>hervorragende Leistung <\/strong>, da sie mit <strong>Batterien<\/strong> ausgestattet sind, die eine Lebensdauer von mindestens <strong>10 Jahren oder 30.000 Nutzungszyklen<\/strong> gew\u00e4hrleisten <strong>.<\/strong> Die Anwendungsm\u00f6glichkeiten dieser technologischen Modelle sind wirklich zahlreich: Industrien und Unternehmen aller Art, \u00f6ffentliche \u00c4mter, Hotels und Beherbergungsbetriebe, Fitnessstudios und Sportzentren, ohne dabei den Wohnbereich und die Eigentumswohnungen zu vernachl\u00e4ssigen. <strong>Schl\u00fcssellose Schl\u00f6sser mit digitaler \u00d6ffnung<\/strong> sind nat\u00fcrlich eine ausgezeichnete Wahl f\u00fcr alle modernen Entwicklungen, aber sie sind auch ideal, wenn veraltete Schl\u00f6sser ersetzt werden sollen, und eine solche Erneuerung kann <strong>in Bezug auf Sicherheit, Komfort und Effizienz<\/strong> nur <strong>Vorteile<\/strong> bringen.[\/et_pb_text][\/et_pb_column][\/et_pb_row][et_pb_row column_structure=&#8220;1_4,3_4&#8243; _builder_version=&#8220;4.16&#8243; background_size=&#8220;initial&#8220; background_position=&#8220;top_left&#8220; background_repeat=&#8220;repeat&#8220; global_colors_info=&#8220;{}&#8220;][et_pb_column type=&#8220;1_4&#8243; _builder_version=&#8220;4.16&#8243; custom_padding=&#8220;|||&#8220; global_colors_info=&#8220;{}&#8220; custom_padding__hover=&#8220;|||&#8220;][et_pb_sidebar area=&#8220;et_pb_widget_area_18&#8243; _builder_version=&#8220;4.27.4&#8243; _module_preset=&#8220;default&#8220; global_colors_info=&#8220;{}&#8220;][\/et_pb_sidebar][\/et_pb_column][et_pb_column type=&#8220;3_4&#8243; _builder_version=&#8220;4.16&#8243; custom_padding=&#8220;|||&#8220; global_colors_info=&#8220;{}&#8220; custom_padding__hover=&#8220;|||&#8220;][et_pb_shop _builder_version=&#8220;4.27.4&#8243; _module_preset=&#8220;default&#8220; show_price=&#8220;off&#8220; show_rating=&#8220;off&#8220; show_sale_badge=&#8220;off&#8220; show_pagination=&#8220;on&#8220; bapf_apply=&#8220;enable&#8220; border_radii_image=&#8220;on|10px|10px|10px|10px&#8220; global_colors_info=&#8220;{%22gcid-primary-color%22:%91%22border_color_all_image%22%93}&#8220; border_color_all_image=&#8220;gcid-primary-color&#8220; border_width_all_image=&#8220;3px&#8220; box_shadow_style_image=&#8220;preset1&#8243; title_font=&#8220;|||on|||||&#8220; hover_enabled=&#8220;0&#8243; sticky_enabled=&#8220;0&#8243;][\/et_pb_shop][\/et_pb_column][\/et_pb_row][\/et_pb_section]<\/p>\n","protected":false},"excerpt":{"rendered":"<p>Wie sieht Ihr ideales elektronisches Schloss aus? W\u00e4hlen Sie unten die Funktionen aus, die Ihr elektronisches Schloss haben soll: Die Website bietet Ihnen auf Ihre Bed\u00fcrfnisse zugeschnittene L\u00f6sungen. Die elektronischen Schl\u00f6sser von OMR sind in zahlreichen Varianten erh\u00e4ltlich: Sie k\u00f6nnen entscheiden, ob Sie sie durch Drehen und Bet\u00e4tigen des Knopfes, durch Eingabe eines Codes \u00fcber [&hellip;]<\/p>\n","protected":false},"author":14,"featured_media":0,"parent":0,"menu_order":0,"comment_status":"closed","ping_status":"closed","template":"","meta":{"_acf_changed":false,"_et_pb_use_builder":"on","_et_pb_old_content":"","_et_gb_content_width":"","footnotes":""},"class_list":["post-258999","page","type-page","status-publish","hentry"],"acf":[],"yoast_head":"<!-- This site is optimized with the Yoast SEO plugin v27.2 - https:\/\/yoast.com\/product\/yoast-seo-wordpress\/ -->\n<title>W\u00e4hlen Sie Ihr elektronisches Schloss - OMR Serrature<\/title>\n<meta name=\"description\" content=\"W\u00e4hlen Sie Ihr elektronisches Schloss in vendita sul sito http:\/\/omrserrature.it\/ Dal 1950 O.M.R. progetta e propone serrature e sistemi di chiusura di qualit\u00e0 made in Italy.\" \/>\n<meta name=\"robots\" content=\"index, follow, max-snippet:-1, max-image-preview:large, max-video-preview:-1\" \/>\n<link rel=\"canonical\" href=\"https:\/\/www.omrserrature.it\/de\/waehlen-sie-ihr-elektronisches-schloss\/\" \/>\n<meta property=\"og:locale\" content=\"de_DE\" \/>\n<meta property=\"og:type\" content=\"article\" \/>\n<meta property=\"og:title\" content=\"W\u00e4hlen Sie Ihr elektronisches Schloss - OMR Serrature\" \/>\n<meta property=\"og:description\" content=\"W\u00e4hlen Sie Ihr elektronisches Schloss in vendita sul sito http:\/\/omrserrature.it\/ Dal 1950 O.M.R. progetta e propone serrature e sistemi di chiusura di qualit\u00e0 made in Italy.\" \/>\n<meta property=\"og:url\" content=\"https:\/\/www.omrserrature.it\/de\/waehlen-sie-ihr-elektronisches-schloss\/\" \/>\n<meta property=\"og:site_name\" content=\"OMR Serrature | Produzione sistemi di chiusura\" \/>\n<meta property=\"article:publisher\" content=\"https:\/\/www.facebook.com\/OMRserrature\" \/>\n<meta property=\"article:modified_time\" content=\"2026-04-08T08:58:46+00:00\" \/>\n<meta name=\"twitter:card\" content=\"summary_large_image\" \/>\n<meta name=\"twitter:label1\" content=\"Gesch\u00e4tzte Lesezeit\" \/>\n\t<meta name=\"twitter:data1\" content=\"3\u00a0Minuten\" \/>\n<script type=\"application\/ld+json\" class=\"yoast-schema-graph\">{\"@context\":\"https:\/\/schema.org\",\"@graph\":[{\"@type\":\"WebPage\",\"@id\":\"https:\/\/www.omrserrature.it\/de\/waehlen-sie-ihr-elektronisches-schloss\/\",\"url\":\"https:\/\/www.omrserrature.it\/de\/waehlen-sie-ihr-elektronisches-schloss\/\",\"name\":\"W\u00e4hlen Sie Ihr elektronisches Schloss - OMR Serrature\",\"isPartOf\":{\"@id\":\"https:\/\/www.omrserrature.it\/de\/#website\"},\"datePublished\":\"2021-05-21T10:10:55+00:00\",\"dateModified\":\"2026-04-08T08:58:46+00:00\",\"description\":\"W\u00e4hlen Sie Ihr elektronisches Schloss in vendita sul sito http:\/\/omrserrature.it\/ Dal 1950 O.M.R. progetta e propone serrature e sistemi di chiusura di qualit\u00e0 made in Italy.\",\"breadcrumb\":{\"@id\":\"https:\/\/www.omrserrature.it\/de\/waehlen-sie-ihr-elektronisches-schloss\/#breadcrumb\"},\"inLanguage\":\"de\",\"potentialAction\":[{\"@type\":\"ReadAction\",\"target\":[\"https:\/\/www.omrserrature.it\/de\/waehlen-sie-ihr-elektronisches-schloss\/\"]}]},{\"@type\":\"BreadcrumbList\",\"@id\":\"https:\/\/www.omrserrature.it\/de\/waehlen-sie-ihr-elektronisches-schloss\/#breadcrumb\",\"itemListElement\":[{\"@type\":\"ListItem\",\"position\":1,\"name\":\"Home\",\"item\":\"https:\/\/www.omrserrature.it\/de\/omr-serrature-sistemi-chiusura\/\"},{\"@type\":\"ListItem\",\"position\":2,\"name\":\"W\u00e4hlen Sie Ihr elektronisches Schloss\"}]},{\"@type\":\"WebSite\",\"@id\":\"https:\/\/www.omrserrature.it\/de\/#website\",\"url\":\"https:\/\/www.omrserrature.it\/de\/\",\"name\":\"OMR Serrature | Produzione sistemi di chiusura\",\"description\":\"Produzione serrature di sicurezza e sistemi di chiusura\",\"publisher\":{\"@id\":\"https:\/\/www.omrserrature.it\/de\/#organization\"},\"potentialAction\":[{\"@type\":\"SearchAction\",\"target\":{\"@type\":\"EntryPoint\",\"urlTemplate\":\"https:\/\/www.omrserrature.it\/de\/?s={search_term_string}\"},\"query-input\":{\"@type\":\"PropertyValueSpecification\",\"valueRequired\":true,\"valueName\":\"search_term_string\"}}],\"inLanguage\":\"de\"},{\"@type\":\"Organization\",\"@id\":\"https:\/\/www.omrserrature.it\/de\/#organization\",\"name\":\"OMR Serrature | Produzione sistemi di chiusura\",\"url\":\"https:\/\/www.omrserrature.it\/de\/\",\"logo\":{\"@type\":\"ImageObject\",\"inLanguage\":\"de\",\"@id\":\"https:\/\/www.omrserrature.it\/de\/#\/schema\/logo\/image\/\",\"url\":\"https:\/\/www.omrserrature.it\/wp-content\/uploads\/2017\/09\/favicon-omr-114.png\",\"contentUrl\":\"https:\/\/www.omrserrature.it\/wp-content\/uploads\/2017\/09\/favicon-omr-114.png\",\"width\":114,\"height\":114,\"caption\":\"OMR Serrature | Produzione sistemi di chiusura\"},\"image\":{\"@id\":\"https:\/\/www.omrserrature.it\/de\/#\/schema\/logo\/image\/\"},\"sameAs\":[\"https:\/\/www.facebook.com\/OMRserrature\",\"https:\/\/www.linkedin.com\/company\/omrserrature\/\",\"https:\/\/www.youtube.com\/channel\/UCxmA85z2R0EpG_6IRokiAkg\"]}]}<\/script>\n<!-- \/ Yoast SEO plugin. -->","yoast_head_json":{"title":"W\u00e4hlen Sie Ihr elektronisches Schloss - OMR Serrature","description":"W\u00e4hlen Sie Ihr elektronisches Schloss in vendita sul sito http:\/\/omrserrature.it\/ Dal 1950 O.M.R. progetta e propone serrature e sistemi di chiusura di qualit\u00e0 made in Italy.","robots":{"index":"index","follow":"follow","max-snippet":"max-snippet:-1","max-image-preview":"max-image-preview:large","max-video-preview":"max-video-preview:-1"},"canonical":"https:\/\/www.omrserrature.it\/de\/waehlen-sie-ihr-elektronisches-schloss\/","og_locale":"de_DE","og_type":"article","og_title":"W\u00e4hlen Sie Ihr elektronisches Schloss - OMR Serrature","og_description":"W\u00e4hlen Sie Ihr elektronisches Schloss in vendita sul sito http:\/\/omrserrature.it\/ Dal 1950 O.M.R. progetta e propone serrature e sistemi di chiusura di qualit\u00e0 made in Italy.","og_url":"https:\/\/www.omrserrature.it\/de\/waehlen-sie-ihr-elektronisches-schloss\/","og_site_name":"OMR Serrature | Produzione sistemi di chiusura","article_publisher":"https:\/\/www.facebook.com\/OMRserrature","article_modified_time":"2026-04-08T08:58:46+00:00","twitter_card":"summary_large_image","twitter_misc":{"Gesch\u00e4tzte Lesezeit":"3\u00a0Minuten"},"schema":{"@context":"https:\/\/schema.org","@graph":[{"@type":"WebPage","@id":"https:\/\/www.omrserrature.it\/de\/waehlen-sie-ihr-elektronisches-schloss\/","url":"https:\/\/www.omrserrature.it\/de\/waehlen-sie-ihr-elektronisches-schloss\/","name":"W\u00e4hlen Sie Ihr elektronisches Schloss - OMR Serrature","isPartOf":{"@id":"https:\/\/www.omrserrature.it\/de\/#website"},"datePublished":"2021-05-21T10:10:55+00:00","dateModified":"2026-04-08T08:58:46+00:00","description":"W\u00e4hlen Sie Ihr elektronisches Schloss in vendita sul sito http:\/\/omrserrature.it\/ Dal 1950 O.M.R. progetta e propone serrature e sistemi di chiusura di qualit\u00e0 made in Italy.","breadcrumb":{"@id":"https:\/\/www.omrserrature.it\/de\/waehlen-sie-ihr-elektronisches-schloss\/#breadcrumb"},"inLanguage":"de","potentialAction":[{"@type":"ReadAction","target":["https:\/\/www.omrserrature.it\/de\/waehlen-sie-ihr-elektronisches-schloss\/"]}]},{"@type":"BreadcrumbList","@id":"https:\/\/www.omrserrature.it\/de\/waehlen-sie-ihr-elektronisches-schloss\/#breadcrumb","itemListElement":[{"@type":"ListItem","position":1,"name":"Home","item":"https:\/\/www.omrserrature.it\/de\/omr-serrature-sistemi-chiusura\/"},{"@type":"ListItem","position":2,"name":"W\u00e4hlen Sie Ihr elektronisches Schloss"}]},{"@type":"WebSite","@id":"https:\/\/www.omrserrature.it\/de\/#website","url":"https:\/\/www.omrserrature.it\/de\/","name":"OMR Serrature | Produzione sistemi di chiusura","description":"Produzione serrature di sicurezza e sistemi di chiusura","publisher":{"@id":"https:\/\/www.omrserrature.it\/de\/#organization"},"potentialAction":[{"@type":"SearchAction","target":{"@type":"EntryPoint","urlTemplate":"https:\/\/www.omrserrature.it\/de\/?s={search_term_string}"},"query-input":{"@type":"PropertyValueSpecification","valueRequired":true,"valueName":"search_term_string"}}],"inLanguage":"de"},{"@type":"Organization","@id":"https:\/\/www.omrserrature.it\/de\/#organization","name":"OMR Serrature | Produzione sistemi di chiusura","url":"https:\/\/www.omrserrature.it\/de\/","logo":{"@type":"ImageObject","inLanguage":"de","@id":"https:\/\/www.omrserrature.it\/de\/#\/schema\/logo\/image\/","url":"https:\/\/www.omrserrature.it\/wp-content\/uploads\/2017\/09\/favicon-omr-114.png","contentUrl":"https:\/\/www.omrserrature.it\/wp-content\/uploads\/2017\/09\/favicon-omr-114.png","width":114,"height":114,"caption":"OMR Serrature | Produzione sistemi di chiusura"},"image":{"@id":"https:\/\/www.omrserrature.it\/de\/#\/schema\/logo\/image\/"},"sameAs":["https:\/\/www.facebook.com\/OMRserrature","https:\/\/www.linkedin.com\/company\/omrserrature\/","https:\/\/www.youtube.com\/channel\/UCxmA85z2R0EpG_6IRokiAkg"]}]}},"_links":{"self":[{"href":"https:\/\/www.omrserrature.it\/de\/wp-json\/wp\/v2\/pages\/258999","targetHints":{"allow":["GET"]}}],"collection":[{"href":"https:\/\/www.omrserrature.it\/de\/wp-json\/wp\/v2\/pages"}],"about":[{"href":"https:\/\/www.omrserrature.it\/de\/wp-json\/wp\/v2\/types\/page"}],"author":[{"embeddable":true,"href":"https:\/\/www.omrserrature.it\/de\/wp-json\/wp\/v2\/users\/14"}],"replies":[{"embeddable":true,"href":"https:\/\/www.omrserrature.it\/de\/wp-json\/wp\/v2\/comments?post=258999"}],"version-history":[{"count":1,"href":"https:\/\/www.omrserrature.it\/de\/wp-json\/wp\/v2\/pages\/258999\/revisions"}],"predecessor-version":[{"id":259002,"href":"https:\/\/www.omrserrature.it\/de\/wp-json\/wp\/v2\/pages\/258999\/revisions\/259002"}],"wp:attachment":[{"href":"https:\/\/www.omrserrature.it\/de\/wp-json\/wp\/v2\/media?parent=258999"}],"curies":[{"name":"wp","href":"https:\/\/api.w.org\/{rel}","templated":true}]}}