{"id":17763,"date":"2020-05-28T09:05:27","date_gmt":"2020-05-28T07:05:27","guid":{"rendered":"https:\/\/staging6.omrserrature.it\/?page_id=17763"},"modified":"2025-04-28T10:37:45","modified_gmt":"2025-04-28T08:37:45","slug":"masterschluesselsysteme","status":"publish","type":"page","link":"https:\/\/www.omrserrature.it\/de\/unternehmen\/masterschluesselsysteme\/","title":{"rendered":"Ausbildung"},"content":{"rendered":"<p>[et_pb_section fb_built=&#8220;1&#8243; fullwidth=&#8220;on&#8220; _builder_version=&#8220;4.25.1&#8243; _module_preset=&#8220;default&#8220; hover_enabled=&#8220;0&#8243; global_colors_info=&#8220;{}&#8220; sticky_enabled=&#8220;0&#8243;][et_pb_fullwidth_header title=&#8220;@ET-DC@eyJkeW5hbWljIjp0cnVlLCJjb250ZW50IjoicG9zdF90aXRsZSIsInNldHRpbmdzIjp7ImJlZm9yZSI6IiIsImFmdGVyIjoiIiwiZW5hYmxlX2h0bWwiOiJvZmYifX0=@&#8220; header_fullscreen=&#8220;on&#8220; _builder_version=&#8220;4.27.0&#8243; _dynamic_attributes=&#8220;title,background_image&#8220; _module_preset=&#8220;default&#8220; title_font=&#8220;|||on|||||&#8220; title_font_size=&#8220;40px&#8220; background_color=&#8220;rgba(0,0,0,0.5)&#8220; background_image=&#8220;@ET-DC@eyJkeW5hbWljIjp0cnVlLCJjb250ZW50IjoicG9zdF9mZWF0dXJlZF9pbWFnZSIsInNldHRpbmdzIjp7ImVuYWJsZV9odG1sIjoib2ZmIn19@&#8220; background_blend=&#8220;overlay&#8220; hover_enabled=&#8220;0&#8243; global_colors_info=&#8220;{}&#8220; background_last_edited=&#8220;on|desktop&#8220; sticky_enabled=&#8220;0&#8243; background_position_phone=&#8220;bottom_right&#8220; background_size_phone=&#8220;cover&#8220; parallax_phone=&#8220;off&#8220; parallax_method_phone=&#8220;on&#8220; title_font_size_last_edited=&#8220;on|phone&#8220; title_font_size_phone=&#8220;30px&#8220; title_font_size_tablet=&#8220;40px&#8220;]<\/p>\n<p><span>Die Schl\u00fcsselverwaltung kann zu einem echten Problem werden,<\/span><span> vor allem in Kontexten mit zahlreichen Zug\u00e4ngen und verschiedenen Personen, die bestimmte Bereiche betreten m\u00fcssen.<\/span><span> Zum Gl\u00fcck,<\/span><span> gibt es Schl\u00fcsselsysteme,<\/span><span> intelligente L\u00f6sungen, die es erm\u00f6glichen <\/span><strong>mehrere Zylinder mit einem einzigen Schl\u00fcssel oder Schl\u00fcsselbund zu \u00f6ffnen<\/strong><span>,<\/span><span> die eine hierarchische Zugangskontrolle gew\u00e4hrleisten und die Sicherheit optimieren.<\/span><\/p>\n<p><span>W\u00e4hlen Sie das f\u00fcr Ihre Bed\u00fcrfnisse am besten geeignete Trainingssystem und genie\u00dfen Sie maximale Sicherheit und Komfort bei der Zugangsverwaltung. Kontaktieren Sie einen Experten, um eine pers\u00f6nliche Beratung zu erhalten und die perfekte L\u00f6sung f\u00fcr Ihre Bed\u00fcrfnisse zu finden. <\/span><\/p>\n<p>[\/et_pb_fullwidth_header][\/et_pb_section][et_pb_section fb_built=&#8220;1&#8243; admin_label=&#8220;section&#8220; _builder_version=&#8220;4.16&#8243; custom_padding=&#8220;25px|||||&#8220; global_colors_info=&#8220;{}&#8220;][et_pb_row column_structure=&#8220;2_5,3_5&#8243; admin_label=&#8220;Zeile&#8220; _builder_version=&#8220;4.27.0&#8243; background_size=&#8220;initial&#8220; background_position=&#8220;top_left&#8220; background_repeat=&#8220;repeat&#8220; custom_margin=&#8220;-1px|auto||auto||&#8220; hover_enabled=&#8220;0&#8243; global_colors_info=&#8220;{}&#8220; sticky_enabled=&#8220;0&#8243; width_last_edited=&#8220;on|phone&#8220; width_phone=&#8220;90%&#8220;][et_pb_column type=&#8220;2_5&#8243; _builder_version=&#8220;4.16&#8243; custom_padding=&#8220;|||&#8220; global_colors_info=&#8220;{}&#8220; custom_padding__hover=&#8220;|||&#8220;][et_pb_image src=&#8220;https:\/\/www.omrserrature.it\/wp-content\/uploads\/2020\/06\/OMR-ammaestramento-sistema-a-chiave-maestra-mk.png&#8220; title_text=&#8220;OMR-Amateur-System-ein-Schl\u00fcssel-mk&#8220; _builder_version=&#8220;4.25.1&#8243; _module_preset=&#8220;default&#8220; global_colors_info=&#8220;{}&#8220;][\/et_pb_image][\/et_pb_column][et_pb_column type=&#8220;3_5&#8243; _builder_version=&#8220;4.16&#8243; custom_padding=&#8220;|||&#8220; global_colors_info=&#8220;{}&#8220; custom_padding__hover=&#8220;|||&#8220;][et_pb_text admin_label=&#8220;Text&#8220; _builder_version=&#8220;4.25.1&#8243; background_size=&#8220;initial&#8220; background_position=&#8220;top_left&#8220; background_repeat=&#8220;repeat&#8220; global_colors_info=&#8220;{}&#8220;]<\/p>\n<h2>KA gemeistertes System<\/h2>\n<p>Bei diesem geschulten System k\u00f6nnen die verschiedenen Zylinder mit einem einzigen Schl\u00fcssel ge\u00f6ffnet werden, da sie alle die gleiche Kombination haben. In einem Gesch\u00e4ft kann der Verk\u00e4ufer zum Beispiel alle Vitrinen, Thekenschubladen, Lager und alle Ladenf\u00e4cher ganz bequem mit einem einzigen Schl\u00fcssel \u00f6ffnen. <\/p>\n<h2>MK Mastered System<\/h2>\n<p>In diesem geschulten System haben wir nur einen Schl\u00fcssel, den sogenannten Hauptschl\u00fcssel oder Passepartout, der alle Zylinder im System \u00f6ffnet. Benutzer auf einer niedrigeren Ebene k\u00f6nnen nur ihren eigenen Zylinder \u00f6ffnen. Sehr h\u00e4ufig in B\u00fcros, Hotels, Krankenh\u00e4usern oder RSAs verwendet.  <\/p>\n<h2>CC Geschultes System<\/h2>\n<p class=\"sameHeight\">Bei diesem geschulten System gibt es einen anf\u00e4nglich aktivierten Schl\u00fcssel, der gemeinhin als Baustellenschl\u00fcssel bezeichnet wird und der vom Benutzer nach Abschluss der Arbeiten mit einem neuen Satz versiegelter Schl\u00fcssel deaktiviert wird. Es wird h\u00e4ufig von Herstellern von Sicherheitst\u00fcren, auf Baustellen und dort, wo Installateure vor\u00fcbergehend Zugang ben\u00f6tigen, eingesetzt. <\/p>\n<h2>CM-geschultes System<\/h2>\n<p class=\"sameHeight\">Dieses geschulte System wird als &#8218;Zentralzylinder&#8216;-System bezeichnet und erm\u00f6glicht es dem Benutzer, alle T\u00fcren zu Gemeinschaftsbereichen mit einem einzigen Schl\u00fcssel zu \u00f6ffnen, w\u00e4hrend der Benutzer niemals Zugang zu den Privatbereichen anderer Benutzer hat. In einem Wohnblock oder einer Residenz k\u00f6nnen zum Beispiel das Eingangstor, die Kellert\u00fcr und die Garagent\u00fcr mit einem einzigen Schl\u00fcssel ge\u00f6ffnet werden. <\/p>\n<h2>CMK-geschultes System<\/h2>\n<p class=\"sameHeight\">Die verschiedenen Zylinder, die in den Gemeinschaftsbereichen gro\u00dfer Wohn- oder Industriekomplexe installiert sind, jeder mit seinem eigenen System, k\u00f6nnen vom Verwalter mit einem einzigen Schl\u00fcssel ge\u00f6ffnet werden. Diese L\u00f6sung ist ideal f\u00fcr Geb\u00e4udeverwalter, Facility Manager, Wartungspersonal, Sanit\u00e4ter und Reinigungsfirmen. <\/p>\n<h2>GMK geschultes System<\/h2>\n<p class=\"sameHeight\">In diesem geschulten System, das von gro\u00dfen Organisationen routinem\u00e4\u00dfig verwendet wird, kann eine hierarchische Struktur definiert werden, bei der auf der h\u00f6chsten Ebene Manager unbegrenzten Zugang zu Bereichen des Geb\u00e4udes haben. Auf der mittleren Ebene hingegen haben Abteilungsleiter oder das Managementteam nur Zugang zu den Bereichen, f\u00fcr die sie zust\u00e4ndig sind; auf der unteren Ebene haben Bediener und Angestellte nur Zugang zu ihren Arbeitspl\u00e4tzen oder B\u00fcros. <\/p>\n<h2>GGMK geschultes System<\/h2>\n<p class=\"sameHeight\">Diese Art von System hat die gleiche Struktur wie das GMK, aber mit einer zus\u00e4tzlichen h\u00f6heren Ebene.<br \/>In einem Hotel haben wir zum Beispiel auf der h\u00f6chsten Ebene (4. Ebene) den Etagenmanager, der jede T\u00fcr im Hotel mit einem einzigen Schl\u00fcssel \u00f6ffnen kann. Auf der unteren Ebene (3. Ebene) kann jeder Etagenmanager alle T\u00fcren auf seiner eigenen Etage \u00f6ffnen, aber nicht die T\u00fcren auf den anderen Etagen. In der 2. Ebene, die in der Regel dem Reinigungs- oder Wartungspersonal anvertraut ist, k\u00f6nnen die Mitarbeiter nur die T\u00fcren der ihnen zugewiesenen Zimmer \u00f6ffnen. In der untersten Ebene (1. Ebene) k\u00f6nnen die Kunden nur ihr eigenes Zimmer \u00f6ffnen.   <\/p>\n<p>[\/et_pb_text][\/et_pb_column][\/et_pb_row][et_pb_row _builder_version=&#8220;4.25.1&#8243; _module_preset=&#8220;default&#8220; custom_padding=&#8220;5px||||false|false&#8220; saved_tabs=&#8220;all&#8220; global_colors_info=&#8220;{}&#8220; global_module=&#8220;31802&#8243; theme_builder_area=&#8220;post_content&#8220;][et_pb_column type=&#8220;4_4&#8243; _builder_version=&#8220;4.25.1&#8243; _module_preset=&#8220;default&#8220; global_colors_info=&#8220;{}&#8220; theme_builder_area=&#8220;post_content&#8220;][et_pb_button button_url=&#8220;mailto:commerciale@omrserrature.it&#8220; url_new_window=&#8220;on&#8220; button_text=&#8220;Kontaktieren Sie einen Berater&#8220; disabled_on=&#8220;on|off|off&#8220; _builder_version=&#8220;4.25.1&#8243; _module_preset=&#8220;default&#8220; locked=&#8220;off&#8220; global_colors_info=&#8220;{}&#8220; theme_builder_area=&#8220;post_content&#8220;][\/et_pb_button][et_pb_button button_url=&#8220;https:\/\/wa.me\/393515920442&#8243; url_new_window=&#8220;on&#8220; button_text=&#8220;sprechen Sie mit einem Berater&#8220; disabled_on=&#8220;off|off|on&#8220; _builder_version=&#8220;4.25.1&#8243; _module_preset=&#8220;default&#8220; locked=&#8220;off&#8220; global_colors_info=&#8220;{}&#8220; theme_builder_area=&#8220;post_content&#8220;][\/et_pb_button][\/et_pb_column][\/et_pb_row][\/et_pb_section]<\/p>\n","protected":false},"excerpt":{"rendered":"<p>Die Schl\u00fcsselverwaltung kann zu einem echten Problem werden, vor allem in Kontexten mit zahlreichen Zug\u00e4ngen und verschiedenen Personen, die bestimmte Bereiche betreten m\u00fcssen. Zum Gl\u00fcck, gibt es Schl\u00fcsselsysteme, intelligente L\u00f6sungen, die es erm\u00f6glichen mehrere Zylinder mit einem einzigen Schl\u00fcssel oder Schl\u00fcsselbund zu \u00f6ffnen, die eine hierarchische Zugangskontrolle gew\u00e4hrleisten und die Sicherheit optimieren. W\u00e4hlen Sie das [&hellip;]<\/p>\n","protected":false},"author":14,"featured_media":31148,"parent":5002,"menu_order":0,"comment_status":"closed","ping_status":"closed","template":"","meta":{"_acf_changed":false,"_et_pb_use_builder":"on","_et_pb_old_content":"","_et_gb_content_width":"","footnotes":""},"class_list":["post-17763","page","type-page","status-publish","has-post-thumbnail","hentry"],"acf":[],"yoast_head":"<!-- This site is optimized with the Yoast SEO plugin v27.5 - https:\/\/yoast.com\/product\/yoast-seo-wordpress\/ -->\n<title>Ausbildung - OMR Serrature<\/title>\n<meta name=\"description\" content=\"Ausbildung in vendita sul sito http:\/\/omrserrature.it\/ Dal 1950 O.M.R. progetta e propone serrature e sistemi di chiusura di qualit\u00e0 made in Italy.\" \/>\n<meta name=\"robots\" content=\"index, follow, max-snippet:-1, max-image-preview:large, max-video-preview:-1\" \/>\n<link rel=\"canonical\" href=\"https:\/\/www.omrserrature.it\/de\/unternehmen\/masterschluesselsysteme\/\" \/>\n<meta property=\"og:locale\" content=\"de_DE\" \/>\n<meta property=\"og:type\" content=\"article\" \/>\n<meta property=\"og:title\" content=\"Ausbildung - OMR Serrature\" \/>\n<meta property=\"og:description\" content=\"Ausbildung in vendita sul sito http:\/\/omrserrature.it\/ Dal 1950 O.M.R. progetta e propone serrature e sistemi di chiusura di qualit\u00e0 made in Italy.\" \/>\n<meta property=\"og:url\" content=\"https:\/\/www.omrserrature.it\/de\/unternehmen\/masterschluesselsysteme\/\" \/>\n<meta property=\"og:site_name\" content=\"OMR Serrature | Produzione sistemi di chiusura\" \/>\n<meta property=\"article:publisher\" content=\"https:\/\/www.facebook.com\/OMRserrature\" \/>\n<meta property=\"article:modified_time\" content=\"2025-04-28T08:37:45+00:00\" \/>\n<meta name=\"twitter:card\" content=\"summary_large_image\" \/>\n<meta name=\"twitter:label1\" content=\"Gesch\u00e4tzte Lesezeit\" \/>\n\t<meta name=\"twitter:data1\" content=\"5\u00a0Minuten\" \/>\n<script type=\"application\/ld+json\" class=\"yoast-schema-graph\">{\"@context\":\"https:\\\/\\\/schema.org\",\"@graph\":[{\"@type\":\"WebPage\",\"@id\":\"https:\\\/\\\/www.omrserrature.it\\\/de\\\/unternehmen\\\/masterschluesselsysteme\\\/\",\"url\":\"https:\\\/\\\/www.omrserrature.it\\\/de\\\/unternehmen\\\/masterschluesselsysteme\\\/\",\"name\":\"Ausbildung - OMR Serrature\",\"isPartOf\":{\"@id\":\"https:\\\/\\\/www.omrserrature.it\\\/de\\\/#website\"},\"primaryImageOfPage\":{\"@id\":\"https:\\\/\\\/www.omrserrature.it\\\/de\\\/unternehmen\\\/masterschluesselsysteme\\\/#primaryimage\"},\"image\":{\"@id\":\"https:\\\/\\\/www.omrserrature.it\\\/de\\\/unternehmen\\\/masterschluesselsysteme\\\/#primaryimage\"},\"thumbnailUrl\":\"https:\\\/\\\/www.omrserrature.it\\\/wp-content\\\/uploads\\\/2024\\\/06\\\/2778.jpg\",\"datePublished\":\"2020-05-28T07:05:27+00:00\",\"dateModified\":\"2025-04-28T08:37:45+00:00\",\"description\":\"Ausbildung in vendita sul sito http:\\\/\\\/omrserrature.it\\\/ Dal 1950 O.M.R. progetta e propone serrature e sistemi di chiusura di qualit\u00e0 made in Italy.\",\"breadcrumb\":{\"@id\":\"https:\\\/\\\/www.omrserrature.it\\\/de\\\/unternehmen\\\/masterschluesselsysteme\\\/#breadcrumb\"},\"inLanguage\":\"de\",\"potentialAction\":[{\"@type\":\"ReadAction\",\"target\":[\"https:\\\/\\\/www.omrserrature.it\\\/de\\\/unternehmen\\\/masterschluesselsysteme\\\/\"]}]},{\"@type\":\"ImageObject\",\"inLanguage\":\"de\",\"@id\":\"https:\\\/\\\/www.omrserrature.it\\\/de\\\/unternehmen\\\/masterschluesselsysteme\\\/#primaryimage\",\"url\":\"https:\\\/\\\/www.omrserrature.it\\\/wp-content\\\/uploads\\\/2024\\\/06\\\/2778.jpg\",\"contentUrl\":\"https:\\\/\\\/www.omrserrature.it\\\/wp-content\\\/uploads\\\/2024\\\/06\\\/2778.jpg\",\"width\":2000,\"height\":753,\"caption\":\"Ammaestramento delle chiavi - sistema di gestione passe-partout\"},{\"@type\":\"BreadcrumbList\",\"@id\":\"https:\\\/\\\/www.omrserrature.it\\\/de\\\/unternehmen\\\/masterschluesselsysteme\\\/#breadcrumb\",\"itemListElement\":[{\"@type\":\"ListItem\",\"position\":1,\"name\":\"Home\",\"item\":\"https:\\\/\\\/www.omrserrature.it\\\/de\\\/omr-serrature-sistemi-chiusura\\\/\"},{\"@type\":\"ListItem\",\"position\":2,\"name\":\"Unternehmen\",\"item\":\"https:\\\/\\\/www.omrserrature.it\\\/de\\\/unternehmen\\\/?lang=de\"},{\"@type\":\"ListItem\",\"position\":3,\"name\":\"Masterschl\u00fcsselsysteme\"}]},{\"@type\":\"WebSite\",\"@id\":\"https:\\\/\\\/www.omrserrature.it\\\/de\\\/#website\",\"url\":\"https:\\\/\\\/www.omrserrature.it\\\/de\\\/\",\"name\":\"OMR Serrature | Produzione sistemi di chiusura\",\"description\":\"Produzione serrature di sicurezza e sistemi di chiusura\",\"publisher\":{\"@id\":\"https:\\\/\\\/www.omrserrature.it\\\/de\\\/#organization\"},\"potentialAction\":[{\"@type\":\"SearchAction\",\"target\":{\"@type\":\"EntryPoint\",\"urlTemplate\":\"https:\\\/\\\/www.omrserrature.it\\\/de\\\/?s={search_term_string}\"},\"query-input\":{\"@type\":\"PropertyValueSpecification\",\"valueRequired\":true,\"valueName\":\"search_term_string\"}}],\"inLanguage\":\"de\"},{\"@type\":\"Organization\",\"@id\":\"https:\\\/\\\/www.omrserrature.it\\\/de\\\/#organization\",\"name\":\"OMR Serrature | Produzione sistemi di chiusura\",\"url\":\"https:\\\/\\\/www.omrserrature.it\\\/de\\\/\",\"logo\":{\"@type\":\"ImageObject\",\"inLanguage\":\"de\",\"@id\":\"https:\\\/\\\/www.omrserrature.it\\\/de\\\/#\\\/schema\\\/logo\\\/image\\\/\",\"url\":\"https:\\\/\\\/www.omrserrature.it\\\/wp-content\\\/uploads\\\/2017\\\/09\\\/favicon-omr-114.png\",\"contentUrl\":\"https:\\\/\\\/www.omrserrature.it\\\/wp-content\\\/uploads\\\/2017\\\/09\\\/favicon-omr-114.png\",\"width\":114,\"height\":114,\"caption\":\"OMR Serrature | Produzione sistemi di chiusura\"},\"image\":{\"@id\":\"https:\\\/\\\/www.omrserrature.it\\\/de\\\/#\\\/schema\\\/logo\\\/image\\\/\"},\"sameAs\":[\"https:\\\/\\\/www.facebook.com\\\/OMRserrature\",\"https:\\\/\\\/www.linkedin.com\\\/company\\\/omrserrature\\\/\",\"https:\\\/\\\/www.youtube.com\\\/channel\\\/UCxmA85z2R0EpG_6IRokiAkg\"]}]}<\/script>\n<!-- \/ Yoast SEO plugin. -->","yoast_head_json":{"title":"Ausbildung - OMR Serrature","description":"Ausbildung in vendita sul sito http:\/\/omrserrature.it\/ Dal 1950 O.M.R. progetta e propone serrature e sistemi di chiusura di qualit\u00e0 made in Italy.","robots":{"index":"index","follow":"follow","max-snippet":"max-snippet:-1","max-image-preview":"max-image-preview:large","max-video-preview":"max-video-preview:-1"},"canonical":"https:\/\/www.omrserrature.it\/de\/unternehmen\/masterschluesselsysteme\/","og_locale":"de_DE","og_type":"article","og_title":"Ausbildung - OMR Serrature","og_description":"Ausbildung in vendita sul sito http:\/\/omrserrature.it\/ Dal 1950 O.M.R. progetta e propone serrature e sistemi di chiusura di qualit\u00e0 made in Italy.","og_url":"https:\/\/www.omrserrature.it\/de\/unternehmen\/masterschluesselsysteme\/","og_site_name":"OMR Serrature | Produzione sistemi di chiusura","article_publisher":"https:\/\/www.facebook.com\/OMRserrature","article_modified_time":"2025-04-28T08:37:45+00:00","twitter_card":"summary_large_image","twitter_misc":{"Gesch\u00e4tzte Lesezeit":"5\u00a0Minuten"},"schema":{"@context":"https:\/\/schema.org","@graph":[{"@type":"WebPage","@id":"https:\/\/www.omrserrature.it\/de\/unternehmen\/masterschluesselsysteme\/","url":"https:\/\/www.omrserrature.it\/de\/unternehmen\/masterschluesselsysteme\/","name":"Ausbildung - OMR Serrature","isPartOf":{"@id":"https:\/\/www.omrserrature.it\/de\/#website"},"primaryImageOfPage":{"@id":"https:\/\/www.omrserrature.it\/de\/unternehmen\/masterschluesselsysteme\/#primaryimage"},"image":{"@id":"https:\/\/www.omrserrature.it\/de\/unternehmen\/masterschluesselsysteme\/#primaryimage"},"thumbnailUrl":"https:\/\/www.omrserrature.it\/wp-content\/uploads\/2024\/06\/2778.jpg","datePublished":"2020-05-28T07:05:27+00:00","dateModified":"2025-04-28T08:37:45+00:00","description":"Ausbildung in vendita sul sito http:\/\/omrserrature.it\/ Dal 1950 O.M.R. progetta e propone serrature e sistemi di chiusura di qualit\u00e0 made in Italy.","breadcrumb":{"@id":"https:\/\/www.omrserrature.it\/de\/unternehmen\/masterschluesselsysteme\/#breadcrumb"},"inLanguage":"de","potentialAction":[{"@type":"ReadAction","target":["https:\/\/www.omrserrature.it\/de\/unternehmen\/masterschluesselsysteme\/"]}]},{"@type":"ImageObject","inLanguage":"de","@id":"https:\/\/www.omrserrature.it\/de\/unternehmen\/masterschluesselsysteme\/#primaryimage","url":"https:\/\/www.omrserrature.it\/wp-content\/uploads\/2024\/06\/2778.jpg","contentUrl":"https:\/\/www.omrserrature.it\/wp-content\/uploads\/2024\/06\/2778.jpg","width":2000,"height":753,"caption":"Ammaestramento delle chiavi - sistema di gestione passe-partout"},{"@type":"BreadcrumbList","@id":"https:\/\/www.omrserrature.it\/de\/unternehmen\/masterschluesselsysteme\/#breadcrumb","itemListElement":[{"@type":"ListItem","position":1,"name":"Home","item":"https:\/\/www.omrserrature.it\/de\/omr-serrature-sistemi-chiusura\/"},{"@type":"ListItem","position":2,"name":"Unternehmen","item":"https:\/\/www.omrserrature.it\/de\/unternehmen\/?lang=de"},{"@type":"ListItem","position":3,"name":"Masterschl\u00fcsselsysteme"}]},{"@type":"WebSite","@id":"https:\/\/www.omrserrature.it\/de\/#website","url":"https:\/\/www.omrserrature.it\/de\/","name":"OMR Serrature | Produzione sistemi di chiusura","description":"Produzione serrature di sicurezza e sistemi di chiusura","publisher":{"@id":"https:\/\/www.omrserrature.it\/de\/#organization"},"potentialAction":[{"@type":"SearchAction","target":{"@type":"EntryPoint","urlTemplate":"https:\/\/www.omrserrature.it\/de\/?s={search_term_string}"},"query-input":{"@type":"PropertyValueSpecification","valueRequired":true,"valueName":"search_term_string"}}],"inLanguage":"de"},{"@type":"Organization","@id":"https:\/\/www.omrserrature.it\/de\/#organization","name":"OMR Serrature | Produzione sistemi di chiusura","url":"https:\/\/www.omrserrature.it\/de\/","logo":{"@type":"ImageObject","inLanguage":"de","@id":"https:\/\/www.omrserrature.it\/de\/#\/schema\/logo\/image\/","url":"https:\/\/www.omrserrature.it\/wp-content\/uploads\/2017\/09\/favicon-omr-114.png","contentUrl":"https:\/\/www.omrserrature.it\/wp-content\/uploads\/2017\/09\/favicon-omr-114.png","width":114,"height":114,"caption":"OMR Serrature | Produzione sistemi di chiusura"},"image":{"@id":"https:\/\/www.omrserrature.it\/de\/#\/schema\/logo\/image\/"},"sameAs":["https:\/\/www.facebook.com\/OMRserrature","https:\/\/www.linkedin.com\/company\/omrserrature\/","https:\/\/www.youtube.com\/channel\/UCxmA85z2R0EpG_6IRokiAkg"]}]}},"_links":{"self":[{"href":"https:\/\/www.omrserrature.it\/de\/wp-json\/wp\/v2\/pages\/17763","targetHints":{"allow":["GET"]}}],"collection":[{"href":"https:\/\/www.omrserrature.it\/de\/wp-json\/wp\/v2\/pages"}],"about":[{"href":"https:\/\/www.omrserrature.it\/de\/wp-json\/wp\/v2\/types\/page"}],"author":[{"embeddable":true,"href":"https:\/\/www.omrserrature.it\/de\/wp-json\/wp\/v2\/users\/14"}],"replies":[{"embeddable":true,"href":"https:\/\/www.omrserrature.it\/de\/wp-json\/wp\/v2\/comments?post=17763"}],"version-history":[{"count":5,"href":"https:\/\/www.omrserrature.it\/de\/wp-json\/wp\/v2\/pages\/17763\/revisions"}],"predecessor-version":[{"id":243005,"href":"https:\/\/www.omrserrature.it\/de\/wp-json\/wp\/v2\/pages\/17763\/revisions\/243005"}],"up":[{"embeddable":true,"href":"https:\/\/www.omrserrature.it\/de\/wp-json\/wp\/v2\/pages\/5002"}],"wp:featuredmedia":[{"embeddable":true,"href":"https:\/\/www.omrserrature.it\/de\/wp-json\/wp\/v2\/media\/31148"}],"wp:attachment":[{"href":"https:\/\/www.omrserrature.it\/de\/wp-json\/wp\/v2\/media?parent=17763"}],"curies":[{"name":"wp","href":"https:\/\/api.w.org\/{rel}","templated":true}]}}