{"id":17188,"date":"2020-05-23T14:17:21","date_gmt":"2020-05-23T12:17:21","guid":{"rendered":"https:\/\/staging6.omrserrature.it\/bereiche\/ds\/"},"modified":"2026-04-08T11:02:13","modified_gmt":"2026-04-08T09:02:13","slug":"ds","status":"publish","type":"page","link":"https:\/\/www.omrserrature.it\/de\/bereiche\/ds\/","title":{"rendered":"Abschluss-Systeme f\u00fcr den Banken- und Postsektor"},"content":{"rendered":"<p>[et_pb_section fb_built=&#8220;1&#8243; custom_padding_last_edited=&#8220;on|tablet&#8220; next_background_color=&#8220;#f2f2f2&#8243; admin_label=&#8220;Header&#8220; _builder_version=&#8220;4.26.0&#8243; background_color=&#8220;#eaeaf1&#8243; use_background_color_gradient=&#8220;on&#8220; background_color_gradient_direction=&#8220;-67deg&#8220; background_color_gradient_stops=&#8220;#eaeaf1 47%|#ffffff 47%&#8220; background_color_gradient_start=&#8220;#eaeaf1&#8243; background_color_gradient_start_position=&#8220;47%&#8220; background_color_gradient_end=&#8220;#ffffff&#8220; background_color_gradient_end_position=&#8220;0%&#8220; background_position=&#8220;top_left&#8220; custom_padding=&#8220;0|0px|3vw|0px|false|false&#8220; custom_padding_tablet=&#8220;||0px&#8220; custom_padding_phone=&#8220;&#8220; bottom_divider_style=&#8220;slant&#8220; bottom_divider_height=&#8220;30vw&#8220; bottom_divider_flip=&#8220;horizontal&#8220; locked=&#8220;off&#8220; global_colors_info=&#8220;{}&#8220;][et_pb_row column_structure=&#8220;2_5,3_5&#8243; _builder_version=&#8220;4.16&#8243; width=&#8220;90%&#8220; max_width=&#8220;1800px&#8220; module_alignment=&#8220;right&#8220; custom_padding=&#8220;0px||0||false|false&#8220; use_custom_width=&#8220;on&#8220; width_unit=&#8220;off&#8220; custom_width_percent=&#8220;90%&#8220; global_colors_info=&#8220;{}&#8220;][et_pb_column type=&#8220;2_5&#8243; _builder_version=&#8220;4.16&#8243; custom_padding=&#8220;|50px||&#8220; global_colors_info=&#8220;{}&#8220; custom_padding__hover=&#8220;|||&#8220;][et_pb_divider divider_weight=&#8220;80px&#8220; _builder_version=&#8220;4.25.1&#8243; transform_skew=&#8220;-22deg|0deg&#8220; transform_skew_linked=&#8220;off&#8220; height=&#8220;80px&#8220; custom_margin=&#8220;||60px|-20vw&#8220; custom_margin_tablet=&#8220;||30px&#8220; custom_margin_phone=&#8220;&#8220; custom_margin_last_edited=&#8220;on|tablet&#8220; locked=&#8220;off&#8220; global_colors_info=&#8220;{}&#8220;][\/et_pb_divider][et_pb_text _builder_version=&#8220;4.27.5&#8243; _dynamic_attributes=&#8220;content&#8220; text_font=&#8220;Khand|600|on|on|||||&#8220; text_text_color=&#8220;gcid-primary-color&#8220; text_font_size=&#8220;5vw&#8220; text_line_height=&#8220;5vw&#8220; header_font=&#8220;Khand|700|||||||&#8220; header_font_size=&#8220;5vw&#8220; header_line_height=&#8220;5vw&#8220; transform_skew_linked=&#8220;off&#8220; custom_margin=&#8220;||0px|||&#8220; hover_enabled=&#8220;0&#8243; text_font_size_tablet=&#8220;5vw&#8220; text_font_size_phone=&#8220;9vw&#8220; text_font_size_last_edited=&#8220;on|desktop&#8220; text_line_height_tablet=&#8220;5vw&#8220; text_line_height_phone=&#8220;9vw&#8220; text_line_height_last_edited=&#8220;on|desktop&#8220; header_font_size_tablet=&#8220;&#8220; header_font_size_phone=&#8220;9vw&#8220; header_font_size_last_edited=&#8220;on|phone&#8220; header_line_height_tablet=&#8220;5vw&#8220; header_line_height_phone=&#8220;9vw&#8220; header_line_height_last_edited=&#8220;on|phone&#8220; global_colors_info=&#8220;{%22gcid-primary-color%22:%91%22text_text_color%22,%22text_text_color%22%93}&#8220; locked=&#8220;off&#8220; sticky_enabled=&#8220;0&#8243;]@ET-DC@eyJkeW5hbWljIjp0cnVlLCJjb250ZW50IjoicG9zdF90aXRsZSIsInNldHRpbmdzIjp7ImJlZm9yZSI6IjxoMT4iLCJhZnRlciI6IjxcL2gxPiJ9fQ==@[\/et_pb_text][et_pb_divider color=&#8220;#0fb7ff&#8220; divider_style=&#8220;double&#8220; divider_weight=&#8220;10px&#8220; _builder_version=&#8220;4.25.1&#8243; transform_skew=&#8220;-20deg|0deg&#8220; max_width=&#8220;100px&#8220; height=&#8220;10px&#8220; locked=&#8220;off&#8220; global_colors_info=&#8220;{}&#8220;][\/et_pb_divider][et_pb_text _builder_version=&#8220;4.25.1&#8243; text_font=&#8220;Aldrich|300||on|||||&#8220; text_font_size=&#8220;24px&#8220; text_line_height=&#8220;2em&#8220; text_font_size_tablet=&#8220;&#8220; text_font_size_phone=&#8220;16px&#8220; text_font_size_last_edited=&#8220;on|phone&#8220; global_colors_info=&#8220;{}&#8220;]<\/p>\n<p>Authentisch Made in Italy seit 1958<\/p>\n<p>[\/et_pb_text][et_pb_button button_url=&#8220;mailto:commerciale@omrserrature.it&#8220; url_new_window=&#8220;on&#8220; button_text=&#8220;Kontaktieren Sie einen Berater&#8220; disabled_on=&#8220;on|off|off&#8220; _builder_version=&#8220;4.25.1&#8243; _module_preset=&#8220;default&#8220; locked=&#8220;off&#8220; global_colors_info=&#8220;{}&#8220;][\/et_pb_button][et_pb_button button_url=&#8220;https:\/\/wa.me\/393515920442&#8243; url_new_window=&#8220;on&#8220; button_text=&#8220;sprechen Sie mit einem Berater&#8220; disabled_on=&#8220;off|off|on&#8220; _builder_version=&#8220;4.25.1&#8243; _module_preset=&#8220;default&#8220; locked=&#8220;off&#8220; global_colors_info=&#8220;{}&#8220;][\/et_pb_button][\/et_pb_column][et_pb_column type=&#8220;3_5&#8243; _builder_version=&#8220;4.16&#8243; custom_padding=&#8220;|||&#8220; global_colors_info=&#8220;{}&#8220; custom_padding__hover=&#8220;|||&#8220;][et_pb_image src=&#8220;https:\/\/www.omrserrature.it\/wp-content\/uploads\/2023\/05\/mechanic-59.png&#8220; alt=&#8220;Schl\u00f6sser f\u00fcr Banken und Post\u00e4mter&#8220; title_text=&#8220;Schl\u00f6sser f\u00fcr Banken und Post\u00e4mter&#8220; align=&#8220;right&#8220; force_fullwidth=&#8220;on&#8220; _builder_version=&#8220;4.26.0&#8243; background_image=&#8220;https:\/\/www.omrserrature.it\/wp-content\/uploads\/2024\/07\/Serrature-per-banche-e-poste.jpg&#8220; parallax=&#8220;on&#8220; width_tablet=&#8220;70%&#8220; width_phone=&#8220;&#8220; width_last_edited=&#8220;on|tablet&#8220; custom_padding=&#8220;|||&#8220; always_center_on_mobile=&#8220;off&#8220; global_colors_info=&#8220;{}&#8220;][\/et_pb_image][et_pb_image src=&#8220;https:\/\/www.omrserrature.it\/wp-content\/uploads\/2023\/05\/mechanic-57-1.png&#8220; align=&#8220;right&#8220; _builder_version=&#8220;4.25.1&#8243; width=&#8220;60%&#8220; module_alignment=&#8220;right&#8220; custom_margin=&#8220;-70%|||109px||&#8220; always_center_on_mobile=&#8220;off&#8220; global_colors_info=&#8220;{}&#8220;][\/et_pb_image][et_pb_divider divider_weight=&#8220;4px&#8220; admin_label=&#8220;Divider&#8220; _builder_version=&#8220;4.25.1&#8243; transform_scale_tablet=&#8220;&#8220; transform_scale_phone=&#8220;&#8220; transform_scale_last_edited=&#8220;on|desktop&#8220; transform_translate=&#8220;-20%|-32vw&#8220; transform_translate_tablet=&#8220;-20px|-50vw&#8220; transform_translate_phone=&#8220;&#8220; transform_translate_last_edited=&#8220;on|phone&#8220; transform_translate_linked=&#8220;off&#8220; transform_rotate=&#8220;0deg|0deg|-68deg&#8220; transform_rotate_tablet=&#8220;&#8220; transform_rotate_phone=&#8220;&#8220; transform_rotate_last_edited=&#8220;on|desktop&#8220; transform_skew_tablet=&#8220;&#8220; transform_skew_phone=&#8220;&#8220; transform_skew_last_edited=&#8220;on|desktop&#8220; transform_origin_tablet=&#8220;&#8220; transform_origin_phone=&#8220;&#8220; transform_origin_last_edited=&#8220;on|desktop&#8220; transform_styles_last_edited=&#8220;on|phone&#8220; width=&#8220;20vw&#8220; module_alignment=&#8220;left&#8220; height=&#8220;0px&#8220; custom_margin=&#8220;||0px&#8220; transform_styles_tablet=&#8220;&#8220; transform_styles_phone=&#8220;&#8220; locked=&#8220;off&#8220; global_colors_info=&#8220;{%22gcid-secondary-color%22:%91%22color%22%93}&#8220;][\/et_pb_divider][\/et_pb_column][\/et_pb_row][et_pb_row column_structure=&#8220;1_2,1_2&#8243; _builder_version=&#8220;4.27.5&#8243; width=&#8220;85%&#8220; hover_enabled=&#8220;0&#8243; global_colors_info=&#8220;{}&#8220; sticky_enabled=&#8220;0&#8243; width_last_edited=&#8220;on|desktop&#8220; width_tablet=&#8220;85%&#8220; width_phone=&#8220;85%&#8220;][et_pb_column type=&#8220;1_2&#8243; _builder_version=&#8220;4.16&#8243; custom_padding=&#8220;|||&#8220; global_colors_info=&#8220;{}&#8220; custom_padding__hover=&#8220;|||&#8220;][et_pb_text _builder_version=&#8220;4.27.5&#8243; text_font=&#8220;||||||||&#8220; header_2_font=&#8220;Khand|700|on|on|||||&#8220; header_2_text_color=&#8220;rgba(0,0,0,0.2)&#8220; header_2_font_size=&#8220;6vw&#8220; transform_skew_linked=&#8220;off&#8220; custom_margin=&#8220;10%||||false|false&#8220; custom_margin_tablet=&#8220;0px|||&#8220; custom_margin_phone=&#8220;&#8220; custom_margin_last_edited=&#8220;on|tablet&#8220; hover_enabled=&#8220;0&#8243; header_2_font_size_tablet=&#8220;80px&#8220; header_2_font_size_phone=&#8220;40px&#8220; header_2_font_size_last_edited=&#8220;on|phone&#8220; global_colors_info=&#8220;{}&#8220; sticky_enabled=&#8220;0&#8243;]<\/p>\n<h2>Italienische Qualit\u00e4t zu wettbewerbsf\u00e4higen Preisen<\/h2>\n<p>[\/et_pb_text][et_pb_divider divider_style=&#8220;double&#8220; divider_weight=&#8220;10px&#8220; _builder_version=&#8220;4.25.1&#8243; transform_skew=&#8220;-20deg|0deg&#8220; max_width=&#8220;100px&#8220; height=&#8220;10px&#8220; locked=&#8220;off&#8220; global_colors_info=&#8220;{%22gcid-secondary-color%22:%91%22color%22%93}&#8220;][\/et_pb_divider][\/et_pb_column][et_pb_column type=&#8220;1_2&#8243; _builder_version=&#8220;4.16&#8243; custom_padding=&#8220;|||&#8220; global_colors_info=&#8220;{}&#8220; custom_padding__hover=&#8220;|||&#8220;][et_pb_text _builder_version=&#8220;4.27.5&#8243; text_font=&#8220;||||||||&#8220; text_line_height=&#8220;2em&#8220; text_orientation=&#8220;right&#8220; max_width=&#8220;480px&#8220; module_alignment=&#8220;right&#8220; hover_enabled=&#8220;0&#8243; global_colors_info=&#8220;{}&#8220; text_orientation_last_edited=&#8220;on|phone&#8220; text_orientation_phone=&#8220;left&#8220; sticky_enabled=&#8220;0&#8243; text_orientation_tablet=&#8220;right&#8220;]<\/p>\n<p>Im Banken- und Postsektor sind Sicherheitsschl\u00f6sser nicht nur f\u00fcr T\u00fcren und Tore, sondern haben auch spezifischere Anwendungen:<span> <\/span><strong>Schutz vertraulicher Dokumente, sichere Aufbewahrung von Bargeld und Wertgegenst\u00e4nden sowie Schl\u00f6sser f\u00fcr Geldautomaten und Geldautomaten<\/strong>.<\/p>\n<p>Nat\u00fcrlich werden im Post- und Bankensektor, wie in allen anderen Bereichen auch, Schl\u00f6sser f\u00fcr<span> <\/span><strong>Briefk\u00e4sten, Schr\u00e4nke und professionelle M\u00f6bel<\/strong> verwendet.<\/p>\n<p>[\/et_pb_text][\/et_pb_column][\/et_pb_row][et_pb_row _builder_version=&#8220;4.26.0&#8243; global_colors_info=&#8220;{}&#8220; width=&#8220;85%&#8220; width_last_edited=&#8220;on|desktop&#8220; width_tablet=&#8220;85%&#8220; width_phone=&#8220;85%&#8220;][et_pb_column type=&#8220;4_4&#8243; _builder_version=&#8220;4.16&#8243; custom_padding=&#8220;|||&#8220; global_colors_info=&#8220;{}&#8220; custom_padding__hover=&#8220;|||&#8220;][dipl_woo_products products_number=&#8220;12&#8243; include_categories=&#8220;1458,827,800&#8243; number_of_columns=&#8220;6&#8243; show_price=&#8220;off&#8220; show_add_to_cart=&#8220;off&#8220; show_sale_badge=&#8220;off&#8220; show_pagination=&#8220;on&#8220; show_prev_next=&#8220;on&#8220; next_text=&#8220;Successivo&#8220; prev_text=&#8220;Precedente&#8220; pagination_link_color=&#8220;gcid-body-color&#8220; active_pagination_link_background_color=&#8220;gcid-primary-color&#8220; _builder_version=&#8220;4.27.5&#8243; _module_preset=&#8220;default&#8220; title_level=&#8220;h2&#8243; title_text_color=&#8220;gcid-primary-color&#8220; quickview_title_font=&#8220;Khand|||on|||||&#8220; hover_enabled=&#8220;0&#8243; border_color_all_product_image=&#8220;gcid-primary-color&#8220; global_colors_info=&#8220;{%22gcid-primary-color%22:%91%22title_text_color%22,%22border_color_all_product_image%22,%22active_pagination_link_background_color%22%93,%22gcid-body-color%22:%91%22pagination_link_color%22%93}&#8220; number_of_columns_last_edited=&#8220;on|phone&#8220; number_of_columns_phone=&#8220;2&#8243; sticky_enabled=&#8220;0&#8243; number_of_columns_tablet=&#8220;6&#8243;][\/dipl_woo_products][\/et_pb_column][\/et_pb_row][\/et_pb_section]<\/p>\n","protected":false},"excerpt":{"rendered":"<p>Authentisch Made in Italy seit 1958Italienische Qualit\u00e4t zu wettbewerbsf\u00e4higen PreisenIm Banken- und Postsektor sind Sicherheitsschl\u00f6sser nicht nur f\u00fcr T\u00fcren und Tore, sondern haben auch spezifischere Anwendungen: Schutz vertraulicher Dokumente, sichere Aufbewahrung von Bargeld und Wertgegenst\u00e4nden sowie Schl\u00f6sser f\u00fcr Geldautomaten und Geldautomaten. Nat\u00fcrlich werden im Post- und Bankensektor, wie in allen anderen Bereichen auch, Schl\u00f6sser f\u00fcr [&hellip;]<\/p>\n","protected":false},"author":14,"featured_media":14676,"parent":17152,"menu_order":0,"comment_status":"closed","ping_status":"closed","template":"","meta":{"_acf_changed":false,"_et_pb_use_builder":"on","_et_pb_old_content":"","_et_gb_content_width":"","footnotes":""},"class_list":["post-17188","page","type-page","status-publish","has-post-thumbnail","hentry"],"acf":[],"yoast_head":"<!-- This site is optimized with the Yoast SEO plugin v27.2 - https:\/\/yoast.com\/product\/yoast-seo-wordpress\/ -->\n<title>Bank- und Postschl\u00f6sser - OMR-Schl\u00f6sser<\/title>\n<meta name=\"description\" content=\"Bank- und Postschl\u00f6sser zum Verkauf auf http:\/\/omrserrature.it\/ O.M.R. entwirft und bietet seit 1950 hochwertige Schl\u00f6sser und Schlie\u00dfsysteme made in Italy an.\" \/>\n<meta name=\"robots\" content=\"index, follow, max-snippet:-1, max-image-preview:large, max-video-preview:-1\" \/>\n<link rel=\"canonical\" href=\"https:\/\/www.omrserrature.it\/de\/bereiche\/ds\/\" \/>\n<meta property=\"og:locale\" content=\"de_DE\" \/>\n<meta property=\"og:type\" content=\"article\" \/>\n<meta property=\"og:title\" content=\"Bank- und Postschl\u00f6sser - OMR-Schl\u00f6sser\" \/>\n<meta property=\"og:description\" content=\"Bank- und Postschl\u00f6sser zum Verkauf auf http:\/\/omrserrature.it\/ O.M.R. entwirft und bietet seit 1950 hochwertige Schl\u00f6sser und Schlie\u00dfsysteme made in Italy an.\" \/>\n<meta property=\"og:url\" content=\"https:\/\/www.omrserrature.it\/de\/bereiche\/ds\/\" \/>\n<meta property=\"og:site_name\" content=\"OMR Serrature | Produzione sistemi di chiusura\" \/>\n<meta property=\"article:publisher\" content=\"https:\/\/www.facebook.com\/OMRserrature\" \/>\n<meta property=\"article:modified_time\" content=\"2026-04-08T09:02:13+00:00\" \/>\n<meta property=\"og:image\" content=\"https:\/\/www.omrserrature.it\/wp-content\/uploads\/2020\/06\/OMR_Serrature-Settori-Postale-bancario.jpg\" \/>\n\t<meta property=\"og:image:width\" content=\"1920\" \/>\n\t<meta property=\"og:image:height\" content=\"1080\" \/>\n\t<meta property=\"og:image:type\" content=\"image\/jpeg\" \/>\n<meta name=\"twitter:card\" content=\"summary_large_image\" \/>\n<meta name=\"twitter:label1\" content=\"Gesch\u00e4tzte Lesezeit\" \/>\n\t<meta name=\"twitter:data1\" content=\"6\u00a0Minuten\" \/>\n<script type=\"application\/ld+json\" class=\"yoast-schema-graph\">{\"@context\":\"https:\/\/schema.org\",\"@graph\":[{\"@type\":\"WebPage\",\"@id\":\"https:\/\/www.omrserrature.it\/de\/bereiche\/ds\/\",\"url\":\"https:\/\/www.omrserrature.it\/de\/bereiche\/ds\/\",\"name\":\"Bank- und Postschl\u00f6sser - OMR-Schl\u00f6sser\",\"isPartOf\":{\"@id\":\"https:\/\/www.omrserrature.it\/de\/#website\"},\"primaryImageOfPage\":{\"@id\":\"https:\/\/www.omrserrature.it\/de\/bereiche\/ds\/#primaryimage\"},\"image\":{\"@id\":\"https:\/\/www.omrserrature.it\/de\/bereiche\/ds\/#primaryimage\"},\"thumbnailUrl\":\"https:\/\/www.omrserrature.it\/wp-content\/uploads\/2020\/06\/OMR_Serrature-Settori-Postale-bancario.jpg\",\"datePublished\":\"2020-05-23T12:17:21+00:00\",\"dateModified\":\"2026-04-08T09:02:13+00:00\",\"description\":\"Bank- und Postschl\u00f6sser zum Verkauf auf http:\/\/omrserrature.it\/ O.M.R. entwirft und bietet seit 1950 hochwertige Schl\u00f6sser und Schlie\u00dfsysteme made in Italy an.\",\"breadcrumb\":{\"@id\":\"https:\/\/www.omrserrature.it\/de\/bereiche\/ds\/#breadcrumb\"},\"inLanguage\":\"de\",\"potentialAction\":[{\"@type\":\"ReadAction\",\"target\":[\"https:\/\/www.omrserrature.it\/de\/bereiche\/ds\/\"]}]},{\"@type\":\"ImageObject\",\"inLanguage\":\"de\",\"@id\":\"https:\/\/www.omrserrature.it\/de\/bereiche\/ds\/#primaryimage\",\"url\":\"https:\/\/www.omrserrature.it\/wp-content\/uploads\/2020\/06\/OMR_Serrature-Settori-Postale-bancario.jpg\",\"contentUrl\":\"https:\/\/www.omrserrature.it\/wp-content\/uploads\/2020\/06\/OMR_Serrature-Settori-Postale-bancario.jpg\",\"width\":1920,\"height\":1080},{\"@type\":\"BreadcrumbList\",\"@id\":\"https:\/\/www.omrserrature.it\/de\/bereiche\/ds\/#breadcrumb\",\"itemListElement\":[{\"@type\":\"ListItem\",\"position\":1,\"name\":\"Home\",\"item\":\"https:\/\/www.omrserrature.it\/de\/omr-serrature-sistemi-chiusura\/\"},{\"@type\":\"ListItem\",\"position\":2,\"name\":\"Sektoren und Umgebungen\",\"item\":\"https:\/\/www.omrserrature.it\/de\/bereiche\/?lang=de\"},{\"@type\":\"ListItem\",\"position\":3,\"name\":\"Abschluss-Systeme f\u00fcr den Banken- und Postsektor\"}]},{\"@type\":\"WebSite\",\"@id\":\"https:\/\/www.omrserrature.it\/de\/#website\",\"url\":\"https:\/\/www.omrserrature.it\/de\/\",\"name\":\"OMR Serrature | Produzione sistemi di chiusura\",\"description\":\"Produzione serrature di sicurezza e sistemi di chiusura\",\"publisher\":{\"@id\":\"https:\/\/www.omrserrature.it\/de\/#organization\"},\"potentialAction\":[{\"@type\":\"SearchAction\",\"target\":{\"@type\":\"EntryPoint\",\"urlTemplate\":\"https:\/\/www.omrserrature.it\/de\/?s={search_term_string}\"},\"query-input\":{\"@type\":\"PropertyValueSpecification\",\"valueRequired\":true,\"valueName\":\"search_term_string\"}}],\"inLanguage\":\"de\"},{\"@type\":\"Organization\",\"@id\":\"https:\/\/www.omrserrature.it\/de\/#organization\",\"name\":\"OMR Serrature | Produzione sistemi di chiusura\",\"url\":\"https:\/\/www.omrserrature.it\/de\/\",\"logo\":{\"@type\":\"ImageObject\",\"inLanguage\":\"de\",\"@id\":\"https:\/\/www.omrserrature.it\/de\/#\/schema\/logo\/image\/\",\"url\":\"https:\/\/www.omrserrature.it\/wp-content\/uploads\/2017\/09\/favicon-omr-114.png\",\"contentUrl\":\"https:\/\/www.omrserrature.it\/wp-content\/uploads\/2017\/09\/favicon-omr-114.png\",\"width\":114,\"height\":114,\"caption\":\"OMR Serrature | Produzione sistemi di chiusura\"},\"image\":{\"@id\":\"https:\/\/www.omrserrature.it\/de\/#\/schema\/logo\/image\/\"},\"sameAs\":[\"https:\/\/www.facebook.com\/OMRserrature\",\"https:\/\/www.linkedin.com\/company\/omrserrature\/\",\"https:\/\/www.youtube.com\/channel\/UCxmA85z2R0EpG_6IRokiAkg\"]}]}<\/script>\n<!-- \/ Yoast SEO plugin. -->","yoast_head_json":{"title":"Bank- und Postschl\u00f6sser - OMR-Schl\u00f6sser","description":"Bank- und Postschl\u00f6sser zum Verkauf auf http:\/\/omrserrature.it\/ O.M.R. entwirft und bietet seit 1950 hochwertige Schl\u00f6sser und Schlie\u00dfsysteme made in Italy an.","robots":{"index":"index","follow":"follow","max-snippet":"max-snippet:-1","max-image-preview":"max-image-preview:large","max-video-preview":"max-video-preview:-1"},"canonical":"https:\/\/www.omrserrature.it\/de\/bereiche\/ds\/","og_locale":"de_DE","og_type":"article","og_title":"Bank- und Postschl\u00f6sser - OMR-Schl\u00f6sser","og_description":"Bank- und Postschl\u00f6sser zum Verkauf auf http:\/\/omrserrature.it\/ O.M.R. entwirft und bietet seit 1950 hochwertige Schl\u00f6sser und Schlie\u00dfsysteme made in Italy an.","og_url":"https:\/\/www.omrserrature.it\/de\/bereiche\/ds\/","og_site_name":"OMR Serrature | Produzione sistemi di chiusura","article_publisher":"https:\/\/www.facebook.com\/OMRserrature","article_modified_time":"2026-04-08T09:02:13+00:00","og_image":[{"width":1920,"height":1080,"url":"https:\/\/www.omrserrature.it\/wp-content\/uploads\/2020\/06\/OMR_Serrature-Settori-Postale-bancario.jpg","type":"image\/jpeg"}],"twitter_card":"summary_large_image","twitter_misc":{"Gesch\u00e4tzte Lesezeit":"6\u00a0Minuten"},"schema":{"@context":"https:\/\/schema.org","@graph":[{"@type":"WebPage","@id":"https:\/\/www.omrserrature.it\/de\/bereiche\/ds\/","url":"https:\/\/www.omrserrature.it\/de\/bereiche\/ds\/","name":"Bank- und Postschl\u00f6sser - OMR-Schl\u00f6sser","isPartOf":{"@id":"https:\/\/www.omrserrature.it\/de\/#website"},"primaryImageOfPage":{"@id":"https:\/\/www.omrserrature.it\/de\/bereiche\/ds\/#primaryimage"},"image":{"@id":"https:\/\/www.omrserrature.it\/de\/bereiche\/ds\/#primaryimage"},"thumbnailUrl":"https:\/\/www.omrserrature.it\/wp-content\/uploads\/2020\/06\/OMR_Serrature-Settori-Postale-bancario.jpg","datePublished":"2020-05-23T12:17:21+00:00","dateModified":"2026-04-08T09:02:13+00:00","description":"Bank- und Postschl\u00f6sser zum Verkauf auf http:\/\/omrserrature.it\/ O.M.R. entwirft und bietet seit 1950 hochwertige Schl\u00f6sser und Schlie\u00dfsysteme made in Italy an.","breadcrumb":{"@id":"https:\/\/www.omrserrature.it\/de\/bereiche\/ds\/#breadcrumb"},"inLanguage":"de","potentialAction":[{"@type":"ReadAction","target":["https:\/\/www.omrserrature.it\/de\/bereiche\/ds\/"]}]},{"@type":"ImageObject","inLanguage":"de","@id":"https:\/\/www.omrserrature.it\/de\/bereiche\/ds\/#primaryimage","url":"https:\/\/www.omrserrature.it\/wp-content\/uploads\/2020\/06\/OMR_Serrature-Settori-Postale-bancario.jpg","contentUrl":"https:\/\/www.omrserrature.it\/wp-content\/uploads\/2020\/06\/OMR_Serrature-Settori-Postale-bancario.jpg","width":1920,"height":1080},{"@type":"BreadcrumbList","@id":"https:\/\/www.omrserrature.it\/de\/bereiche\/ds\/#breadcrumb","itemListElement":[{"@type":"ListItem","position":1,"name":"Home","item":"https:\/\/www.omrserrature.it\/de\/omr-serrature-sistemi-chiusura\/"},{"@type":"ListItem","position":2,"name":"Sektoren und Umgebungen","item":"https:\/\/www.omrserrature.it\/de\/bereiche\/?lang=de"},{"@type":"ListItem","position":3,"name":"Abschluss-Systeme f\u00fcr den Banken- und Postsektor"}]},{"@type":"WebSite","@id":"https:\/\/www.omrserrature.it\/de\/#website","url":"https:\/\/www.omrserrature.it\/de\/","name":"OMR Serrature | Produzione sistemi di chiusura","description":"Produzione serrature di sicurezza e sistemi di chiusura","publisher":{"@id":"https:\/\/www.omrserrature.it\/de\/#organization"},"potentialAction":[{"@type":"SearchAction","target":{"@type":"EntryPoint","urlTemplate":"https:\/\/www.omrserrature.it\/de\/?s={search_term_string}"},"query-input":{"@type":"PropertyValueSpecification","valueRequired":true,"valueName":"search_term_string"}}],"inLanguage":"de"},{"@type":"Organization","@id":"https:\/\/www.omrserrature.it\/de\/#organization","name":"OMR Serrature | Produzione sistemi di chiusura","url":"https:\/\/www.omrserrature.it\/de\/","logo":{"@type":"ImageObject","inLanguage":"de","@id":"https:\/\/www.omrserrature.it\/de\/#\/schema\/logo\/image\/","url":"https:\/\/www.omrserrature.it\/wp-content\/uploads\/2017\/09\/favicon-omr-114.png","contentUrl":"https:\/\/www.omrserrature.it\/wp-content\/uploads\/2017\/09\/favicon-omr-114.png","width":114,"height":114,"caption":"OMR Serrature | Produzione sistemi di chiusura"},"image":{"@id":"https:\/\/www.omrserrature.it\/de\/#\/schema\/logo\/image\/"},"sameAs":["https:\/\/www.facebook.com\/OMRserrature","https:\/\/www.linkedin.com\/company\/omrserrature\/","https:\/\/www.youtube.com\/channel\/UCxmA85z2R0EpG_6IRokiAkg"]}]}},"_links":{"self":[{"href":"https:\/\/www.omrserrature.it\/de\/wp-json\/wp\/v2\/pages\/17188","targetHints":{"allow":["GET"]}}],"collection":[{"href":"https:\/\/www.omrserrature.it\/de\/wp-json\/wp\/v2\/pages"}],"about":[{"href":"https:\/\/www.omrserrature.it\/de\/wp-json\/wp\/v2\/types\/page"}],"author":[{"embeddable":true,"href":"https:\/\/www.omrserrature.it\/de\/wp-json\/wp\/v2\/users\/14"}],"replies":[{"embeddable":true,"href":"https:\/\/www.omrserrature.it\/de\/wp-json\/wp\/v2\/comments?post=17188"}],"version-history":[{"count":3,"href":"https:\/\/www.omrserrature.it\/de\/wp-json\/wp\/v2\/pages\/17188\/revisions"}],"predecessor-version":[{"id":259162,"href":"https:\/\/www.omrserrature.it\/de\/wp-json\/wp\/v2\/pages\/17188\/revisions\/259162"}],"up":[{"embeddable":true,"href":"https:\/\/www.omrserrature.it\/de\/wp-json\/wp\/v2\/pages\/17152"}],"wp:featuredmedia":[{"embeddable":true,"href":"https:\/\/www.omrserrature.it\/de\/wp-json\/wp\/v2\/media\/14676"}],"wp:attachment":[{"href":"https:\/\/www.omrserrature.it\/de\/wp-json\/wp\/v2\/media?parent=17188"}],"curies":[{"name":"wp","href":"https:\/\/api.w.org\/{rel}","templated":true}]}}