{"id":17152,"date":"2020-05-22T17:12:35","date_gmt":"2020-05-22T15:12:35","guid":{"rendered":"https:\/\/staging6.omrserrature.it\/?page_id=17152"},"modified":"2025-11-24T09:34:26","modified_gmt":"2025-11-24T08:34:26","slug":"bereiche","status":"publish","type":"page","link":"https:\/\/www.omrserrature.it\/de\/bereiche\/","title":{"rendered":"Sektoren und Umgebungen"},"content":{"rendered":"<p>[et_pb_section fb_built=&#8220;1&#8243; fullwidth=&#8220;on&#8220; _builder_version=&#8220;4.25.1&#8243; _module_preset=&#8220;default&#8220; locked=&#8220;off&#8220; global_colors_info=&#8220;{}&#8220;][et_pb_fullwidth_header title=&#8220;@ET-DC@eyJkeW5hbWljIjp0cnVlLCJjb250ZW50IjoicG9zdF90aXRsZSIsInNldHRpbmdzIjp7ImJlZm9yZSI6IiIsImFmdGVyIjoiIn19@&#8220; header_fullscreen=&#8220;on&#8220; _builder_version=&#8220;4.27.4&#8243; _dynamic_attributes=&#8220;title,background_image&#8220; _module_preset=&#8220;default&#8220; title_font=&#8220;|||on|||||&#8220; title_font_size=&#8220;40px&#8220; background_color=&#8220;rgba(0,0,0,0.5)&#8220; background_image=&#8220;@ET-DC@eyJkeW5hbWljIjp0cnVlLCJjb250ZW50IjoicG9zdF9mZWF0dXJlZF9pbWFnZSIsInNldHRpbmdzIjp7fX0=@&#8220; background_blend=&#8220;overlay&#8220; hover_enabled=&#8220;0&#8243; global_colors_info=&#8220;{}&#8220; sticky_enabled=&#8220;0&#8243;]<\/p>\n<p>Schl\u00f6sser sind grundlegende technische Elemente, deren Bedeutung sich auf alle Bereiche des t\u00e4glichen und beruflichen Lebens erstreckt. Mit unserer jahrzehntelangen Erfahrung in diesem Bereich haben wir uns als zuverl\u00e4ssiger Partner etabliert, der pr\u00e4zise und ma\u00dfgeschneiderte Antworten auf die vielf\u00e4ltigen Bed\u00fcrfnisse des Marktes bietet. Dank unseres<em>Know-hows<\/em> sind wir in der Lage, spezifische L\u00f6sungen f\u00fcr die unterschiedlichsten Bereiche zu entwickeln: von der<b>Automobilindustrie<\/b>, in der die Resistenz gegen Vibrationen und Witterungseinfl\u00fcsse von entscheidender Bedeutung ist, \u00fcber das <b>Gesundheitswesen<\/b>, das hohe Anforderungen an die Hygiene und die Zugangskontrolle stellt, bis hin zu Hochsicherheitsschl\u00f6ssern f\u00fcr den <b>Bankensektor<\/b>. Dank dieses umfassenden Verst\u00e4ndnisses der Dynamik und der spezifischen Anforderungen der einzelnen Sektoren k\u00f6nnen wir vielseitige und qualitativ hochwertige Schlie\u00dfsysteme anbieten. Unsere Produkte spiegeln die Exzellenz und Innovation wider, die das <b>Made in Italy<\/b> in der Welt der Sicherheit kennzeichnen.    <\/p>\n<p>[\/et_pb_fullwidth_header][\/et_pb_section][et_pb_section fb_built=&#8220;1&#8243; _builder_version=&#8220;4.27.4&#8243; _module_preset=&#8220;default&#8220; custom_padding=&#8220;||4px|||&#8220; global_colors_info=&#8220;{}&#8220;][et_pb_row _builder_version=&#8220;4.27.4&#8243; _module_preset=&#8220;default&#8220; custom_padding=&#8220;|2%||2%|false|true&#8220; global_colors_info=&#8220;{}&#8220;][et_pb_column type=&#8220;4_4&#8243; _builder_version=&#8220;4.27.4&#8243; _module_preset=&#8220;default&#8220; global_colors_info=&#8220;{}&#8220;][dipl_woo_products_categories include_categories=&#8220;1451,1453,1455,1464,1459,1454,1458,1460,1461,1462,1457,1463,1452,1456,1465&#8243; number_of_columns=&#8220;6&#8243; show_product_count=&#8220;off&#8220; number_of_columns_tablet=&#8220;6&#8243; number_of_columns_phone=&#8220;2&#8243; number_of_columns_last_edited=&#8220;on|phone&#8220; _builder_version=&#8220;4.27.4&#8243; _module_preset=&#8220;default&#8220; title_level=&#8220;h2&#8243; title_font=&#8220;|||on|||||&#8220; title_text_color=&#8220;#0C71C3&#8243; title_font_size=&#8220;15px&#8220; category_img_height=&#8220;200px&#8220; border_radii_category_img=&#8220;on|18px|18px|18px|18px&#8220; border_width_all_category_img=&#8220;2px&#8220; border_color_all_category_img=&#8220;#0C71C3&#8243; global_colors_info=&#8220;{}&#8220;][\/dipl_woo_products_categories][\/et_pb_column][\/et_pb_row][\/et_pb_section][et_pb_section fb_built=&#8220;1&#8243; _builder_version=&#8220;4.16&#8243; custom_padding=&#8220;3px|||||&#8220; global_colors_info=&#8220;{}&#8220;][et_pb_row _builder_version=&#8220;4.27.4&#8243; background_size=&#8220;initial&#8220; background_position=&#8220;top_left&#8220; background_repeat=&#8220;repeat&#8220; custom_padding=&#8220;|2%||2%|false|true&#8220; global_colors_info=&#8220;{}&#8220;][et_pb_column type=&#8220;4_4&#8243; _builder_version=&#8220;4.16&#8243; custom_padding=&#8220;|||&#8220; global_colors_info=&#8220;{}&#8220; custom_padding__hover=&#8220;|||&#8220;][et_pb_text _builder_version=&#8220;4.27.4&#8243; background_size=&#8220;initial&#8220; background_position=&#8220;top_left&#8220; background_repeat=&#8220;repeat&#8220; hover_enabled=&#8220;0&#8243; global_colors_info=&#8220;{}&#8220; sticky_enabled=&#8220;0&#8243;]<\/p>\n<p>Wir bei OMR lieben die <b>Herausforderung<\/b>. Wir haben es uns zur Aufgabe gemacht, <g id=\"gid_1\">hochmoderne Schlie\u00dfsysteme<\/g> zu entwickeln, die den spezifischen Anforderungen verschiedener Sektoren entsprechen und eine ma\u00dfgeschneiderte L\u00f6sung f\u00fcr jede Umgebung bieten. Das Schloss, das oft als einfacher Mechanismus betrachtet wird, ist in Wirklichkeit ein entscheidendes Element f\u00fcr <b>Sicherheit, Privatsph\u00e4re und Funktionalit\u00e4t<\/b> in unz\u00e4hligen Bereichen.  <\/p>\n<hr>\n<h3>Automobil und Transport: Sicherheit in Bewegung<\/h3>\n<p>Die Welt des Transports ist gro\u00df und dynamisch, und die Sicherheit spielt eine wichtige Rolle. Schl\u00f6sser sind <b>unverzichtbare<\/b> Bestandteile f\u00fcr Fahrzeuge aller Art: von Autos, Lastwagen, Fahrr\u00e4dern und Motorr\u00e4dern bis hin zu \u00f6ffentlichen Verkehrsmitteln wie Z\u00fcgen und U-Bahnen und sogar Flugzeugen. Wir denken dabei nicht nur an den Schutz der Fahrzeuge selbst, sondern auch an den ihres Inhalts, insbesondere bei Fahrzeugen mit besonderen Funktionen wie K\u00fchltransportern oder Geldkassetten. <b>Vibrations-<\/b> und <b>Witterungsbest\u00e4ndigkeit<\/b> ist hier eine der wichtigsten Anforderungen.   <\/p>\n<hr>\n<h3>Krankenh\u00e4user und Gesundheitseinrichtungen: Schutz und Kontrolle<\/h3>\n<p>Im Krankenhaus- und Gesundheitssektor sind die Anwendungen von Schl\u00f6ssern unz\u00e4hlig und entscheidend. Von Umkleider\u00e4umen bis zu technischen R\u00e4umen, von Wagen bis zu wertvollen elektromedizinischen Ger\u00e4ten, bis hin zu sensiblen Bereichen, die ein <b>H\u00f6chstma\u00df an Sicherheit und R\u00fcckverfolgbarkeit des Zugangs<\/b> erfordern. Das Gleiche gilt f\u00fcr den Bildungs- und Kultursektor, zu dem Schulen, Universit\u00e4ten, Bibliotheken und Campus geh\u00f6ren: Hier m\u00fcssen Schl\u00f6sser eine <b>zuverl\u00e4ssige und dauerhafte Leistung<\/b> garantieren, oft mit <b>flexiblen Zugangsmanagementsystemen<\/b> f\u00fcr Personal und Studenten. Nat\u00fcrlich spielt die Hygiene in diesem Sektor eine wichtige Rolle. Hier sind Sicherheitsl\u00f6sungen mit <b>leicht zu reinigenden Oberfl\u00e4chen<\/b> und gegen Bakterienwachstum resistenten Materialien wie Edelstahl gefragt.   <\/p>\n<hr>\n<h3>Banken und Finanzinstitute: Sicherheit ohne Kompromisse<\/h3>\n<p>OMR Schl\u00f6sser verf\u00fcgt \u00fcber solide Erfahrung im Banken- und Postsektor, wo die Anforderungen von einfachen Schl\u00f6ssern bis hin zu solchen mit <b>hohem Sicherheitsniveau<\/b> reichen. Ein Beispiel sind Schl\u00f6sser f\u00fcr Geldautomaten, die anspruchsvollen Einbruchsversuchen standhalten m\u00fcssen. Hier sind<b>strukturelle Integrit\u00e4t<\/b>, <b>Schl\u00fcsseltyp<\/b> und <b>Widerstandsf\u00e4higkeit <\/b>wichtige Aspekte.  <\/p>\n<hr>\n<h3>Messen und Veranstaltungen: gro\u00df angelegte Zugangsverwaltung<\/h3>\n<p>Das explosionsartige Wachstum des Messewesens hat zu einer wachsenden Nachfrage nach vielseitigen L\u00f6sungen f\u00fcr den Abschluss gef\u00fchrt. OMR Schl\u00f6sser bietet Systeme f\u00fcr Kongresszentren, Sporthallen, Stadien und andere gro\u00dfe Einrichtungen an, bei denen <b>das Zugangsmanagement<\/b> f\u00fcr ein gro\u00dfes, oft zeitlich begrenztes Publikum unerl\u00e4sslich ist. Dazu geh\u00f6ren zum Beispiel <b>Schlie\u00dfanlagen <\/b>und Code- oder Badge-Schl\u00f6sser, die die Veranstaltungslogistik und -sicherheit erleichtern.  <\/p>\n<hr>\n<h3>Hotels, SPAs, Unterk\u00fcnfte und Unternehmen: Komfort und Zuverl\u00e4ssigkeit<\/h3>\n<p>Der Hotel- und Tourismussektor sowie Gesch\u00e4fte und kommerzielle Aktivit\u00e4ten (von Ausstellungsr\u00e4umen bis hin zu Superm\u00e4rkten) ben\u00f6tigen Schl\u00f6sser verschiedener Art, die <b>Sicherheit, \u00c4sthetik und Benutzerfreundlichkeit<\/b> miteinander in Einklang bringen. Besonderes Augenmerk sollte auf automatisierte Aktivit\u00e4ten gelegt werden, wie z.B. Lebensmittelgesch\u00e4fte mit Verkaufsautomaten oder W\u00e4schereien. In Abwesenheit von Personal ben\u00f6tigen diese Einrichtungen Schl\u00f6sser, die<b> Sicherheit gegen Diebstahl und Vandalismus<\/b> garantieren und oft mit <b>Fern\u00fcberwachungssystemen<\/b> ausgestattet sind <b>.<\/b>  <\/p>\n<p>Schl\u00f6sser sind auch in <b>B\u00fcros<\/b> unverzichtbar, f\u00fcr technische M\u00f6bel, T\u00fcren und moderne modulare W\u00e4nde, sowie in <b>Privatwohnungen<\/b> und Wohnblocks (z.B. f\u00fcr Briefk\u00e4sten und Anschlagtafeln). Selbst in der<b>st\u00e4dtischen Architektur<\/b> sch\u00fctzen Schl\u00f6sser wichtige Infrastrukturen. <\/p>\n<p>Nicht zuletzt spielen Schl\u00f6sser eine wichtige Rolle bei Systemen und Z\u00e4hlern f\u00fcr die Wasser-, Luft- und Gasaufbereitung, bei verschiedenen <b>Automatisierungen, einschlie\u00dflich der Hausautomation<\/b>, wie z.B. bei Toren, Drehkreuzen, Rolltreppen und Aufz\u00fcgen. <b>Sicherheit und kontrollierte Zug\u00e4nglichkeit<\/b> sind auch f\u00fcr \u00f6kologische Inseln und Wohnanlagen, die der M\u00fcllabfuhr gewidmet sind, unerl\u00e4sslich. Hier ist der Schutz vor unbefugtem Zutritt und Manipulationen unerl\u00e4sslich. <\/p>\n<hr>\n<h3>Abschlusssysteme f\u00fcr Sicherheitsausr\u00fcstung: maximale Zuverl\u00e4ssigkeit<\/h3>\n<p>Zu den Kunden von OMR Schloss geh\u00f6ren auch Polizei- und Milit\u00e4rkr\u00e4fte, die <b>\u00e4u\u00dferst zuverl\u00e4ssige<\/b> Schl\u00f6sser f\u00fcr Kasernen, Lastwagen, gepanzerte Waffenschr\u00e4nke und gepanzerte Fahrzeuge ben\u00f6tigen. Unsere Produkte werden auch in Regierungsgeb\u00e4uden und anderen wichtigen institutionellen Geb\u00e4uden eingesetzt, wo die <b>Sicherheit des Staates<\/b> und die <b>Widerstandsf\u00e4higkeit gegen ballistische oder explosive Angriffe<\/b> vorrangige Anforderungen sind. <\/p>\n<hr>\n<p>&nbsp;<\/p>\n<p>Seit Jahrzehnten haben wir es uns zur Aufgabe gemacht, ein zuverl\u00e4ssiger Partner zu sein, der in der Lage ist, <strong>die vielf\u00e4ltigen Anforderungen des Marktes im Bereich der Schlie\u00dfsysteme zu erf\u00fcllen.<\/strong> Bei OMR <strong>bieten wir<\/strong> nicht nur Schl\u00f6sser <strong>an<\/strong>, sondern wirklich integrierte L\u00f6sungen, die Sicherheit und Funktionalit\u00e4t in einer immer gr\u00f6\u00dferen Anzahl von Kontexten und Anwendungen bieten.<\/p>\n<p>[\/et_pb_text][\/et_pb_column][\/et_pb_row][\/et_pb_section]<\/p>\n","protected":false},"excerpt":{"rendered":"<p>Schl\u00f6sser sind grundlegende technische Elemente, deren Bedeutung sich auf alle Bereiche des t\u00e4glichen und beruflichen Lebens erstreckt. Mit unserer jahrzehntelangen Erfahrung in diesem Bereich haben wir uns als zuverl\u00e4ssiger Partner etabliert, der pr\u00e4zise und ma\u00dfgeschneiderte Antworten auf die vielf\u00e4ltigen Bed\u00fcrfnisse des Marktes bietet. Dank unseresKnow-hows sind wir in der Lage, spezifische L\u00f6sungen f\u00fcr die unterschiedlichsten [&hellip;]<\/p>\n","protected":false},"author":14,"featured_media":14585,"parent":0,"menu_order":0,"comment_status":"closed","ping_status":"closed","template":"","meta":{"_acf_changed":false,"_et_pb_use_builder":"on","_et_pb_old_content":"","_et_gb_content_width":"","footnotes":""},"class_list":["post-17152","page","type-page","status-publish","has-post-thumbnail","hentry"],"acf":[],"yoast_head":"<!-- This site is optimized with the Yoast SEO plugin v27.5 - https:\/\/yoast.com\/product\/yoast-seo-wordpress\/ -->\n<title>Sektoren und Umgebungen - O.M.R. Schl\u00f6sser<\/title>\n<meta name=\"description\" content=\"O.M.R. srl entwirft und fertigt Schl\u00f6sser f\u00fcr verschiedene Sektoren: Industrie, Krankenh\u00e4user, Bildungseinrichtungen und B\u00fcrogeb\u00e4ude. Entdecken Sie das komplette Angebot auf der Website und w\u00e4hlen Sie das richtige Produkt.\" \/>\n<meta name=\"robots\" content=\"index, follow, max-snippet:-1, max-image-preview:large, max-video-preview:-1\" \/>\n<link rel=\"canonical\" href=\"https:\/\/www.omrserrature.it\/de\/bereiche\/\" \/>\n<meta property=\"og:locale\" content=\"de_DE\" \/>\n<meta property=\"og:type\" content=\"article\" \/>\n<meta property=\"og:title\" content=\"Sektoren und Umgebungen - O.M.R. Schl\u00f6sser\" \/>\n<meta property=\"og:description\" content=\"O.M.R. srl entwirft und fertigt Schl\u00f6sser f\u00fcr verschiedene Sektoren: Industrie, Krankenh\u00e4user, Bildungseinrichtungen und B\u00fcrogeb\u00e4ude. Entdecken Sie das komplette Angebot auf der Website und w\u00e4hlen Sie das richtige Produkt.\" \/>\n<meta property=\"og:url\" content=\"https:\/\/www.omrserrature.it\/de\/bereiche\/\" \/>\n<meta property=\"og:site_name\" content=\"OMR Serrature | Produzione sistemi di chiusura\" \/>\n<meta property=\"article:publisher\" content=\"https:\/\/www.facebook.com\/OMRserrature\" \/>\n<meta property=\"article:modified_time\" content=\"2025-11-24T08:34:26+00:00\" \/>\n<meta property=\"og:image\" content=\"https:\/\/www.omrserrature.it\/wp-content\/uploads\/2020\/06\/OMR_Serrature-Settori_e_ambienti.jpg\" \/>\n\t<meta property=\"og:image:width\" content=\"1920\" \/>\n\t<meta property=\"og:image:height\" content=\"1080\" \/>\n\t<meta property=\"og:image:type\" content=\"image\/jpeg\" \/>\n<meta name=\"twitter:card\" content=\"summary_large_image\" \/>\n<meta name=\"twitter:label1\" content=\"Gesch\u00e4tzte Lesezeit\" \/>\n\t<meta name=\"twitter:data1\" content=\"6\u00a0Minuten\" \/>\n<script type=\"application\/ld+json\" class=\"yoast-schema-graph\">{\"@context\":\"https:\\\/\\\/schema.org\",\"@graph\":[{\"@type\":\"WebPage\",\"@id\":\"https:\\\/\\\/www.omrserrature.it\\\/de\\\/bereiche\\\/\",\"url\":\"https:\\\/\\\/www.omrserrature.it\\\/de\\\/bereiche\\\/\",\"name\":\"Sektoren und Umgebungen - O.M.R. Schl\u00f6sser\",\"isPartOf\":{\"@id\":\"https:\\\/\\\/www.omrserrature.it\\\/de\\\/#website\"},\"primaryImageOfPage\":{\"@id\":\"https:\\\/\\\/www.omrserrature.it\\\/de\\\/bereiche\\\/#primaryimage\"},\"image\":{\"@id\":\"https:\\\/\\\/www.omrserrature.it\\\/de\\\/bereiche\\\/#primaryimage\"},\"thumbnailUrl\":\"https:\\\/\\\/www.omrserrature.it\\\/wp-content\\\/uploads\\\/2020\\\/06\\\/OMR_Serrature-Settori_e_ambienti.jpg\",\"datePublished\":\"2020-05-22T15:12:35+00:00\",\"dateModified\":\"2025-11-24T08:34:26+00:00\",\"description\":\"O.M.R. srl entwirft und fertigt Schl\u00f6sser f\u00fcr verschiedene Sektoren: Industrie, Krankenh\u00e4user, Bildungseinrichtungen und B\u00fcrogeb\u00e4ude. Entdecken Sie das komplette Angebot auf der Website und w\u00e4hlen Sie das richtige Produkt.\",\"breadcrumb\":{\"@id\":\"https:\\\/\\\/www.omrserrature.it\\\/de\\\/bereiche\\\/#breadcrumb\"},\"inLanguage\":\"de\",\"potentialAction\":[{\"@type\":\"ReadAction\",\"target\":[\"https:\\\/\\\/www.omrserrature.it\\\/de\\\/bereiche\\\/\"]}]},{\"@type\":\"ImageObject\",\"inLanguage\":\"de\",\"@id\":\"https:\\\/\\\/www.omrserrature.it\\\/de\\\/bereiche\\\/#primaryimage\",\"url\":\"https:\\\/\\\/www.omrserrature.it\\\/wp-content\\\/uploads\\\/2020\\\/06\\\/OMR_Serrature-Settori_e_ambienti.jpg\",\"contentUrl\":\"https:\\\/\\\/www.omrserrature.it\\\/wp-content\\\/uploads\\\/2020\\\/06\\\/OMR_Serrature-Settori_e_ambienti.jpg\",\"width\":1920,\"height\":1080},{\"@type\":\"BreadcrumbList\",\"@id\":\"https:\\\/\\\/www.omrserrature.it\\\/de\\\/bereiche\\\/#breadcrumb\",\"itemListElement\":[{\"@type\":\"ListItem\",\"position\":1,\"name\":\"Home\",\"item\":\"https:\\\/\\\/www.omrserrature.it\\\/de\\\/omr-serrature-sistemi-chiusura\\\/\"},{\"@type\":\"ListItem\",\"position\":2,\"name\":\"Sektoren und Umgebungen\"}]},{\"@type\":\"WebSite\",\"@id\":\"https:\\\/\\\/www.omrserrature.it\\\/de\\\/#website\",\"url\":\"https:\\\/\\\/www.omrserrature.it\\\/de\\\/\",\"name\":\"OMR Serrature | Produzione sistemi di chiusura\",\"description\":\"Produzione serrature di sicurezza e sistemi di chiusura\",\"publisher\":{\"@id\":\"https:\\\/\\\/www.omrserrature.it\\\/de\\\/#organization\"},\"potentialAction\":[{\"@type\":\"SearchAction\",\"target\":{\"@type\":\"EntryPoint\",\"urlTemplate\":\"https:\\\/\\\/www.omrserrature.it\\\/de\\\/?s={search_term_string}\"},\"query-input\":{\"@type\":\"PropertyValueSpecification\",\"valueRequired\":true,\"valueName\":\"search_term_string\"}}],\"inLanguage\":\"de\"},{\"@type\":\"Organization\",\"@id\":\"https:\\\/\\\/www.omrserrature.it\\\/de\\\/#organization\",\"name\":\"OMR Serrature | Produzione sistemi di chiusura\",\"url\":\"https:\\\/\\\/www.omrserrature.it\\\/de\\\/\",\"logo\":{\"@type\":\"ImageObject\",\"inLanguage\":\"de\",\"@id\":\"https:\\\/\\\/www.omrserrature.it\\\/de\\\/#\\\/schema\\\/logo\\\/image\\\/\",\"url\":\"https:\\\/\\\/www.omrserrature.it\\\/wp-content\\\/uploads\\\/2017\\\/09\\\/favicon-omr-114.png\",\"contentUrl\":\"https:\\\/\\\/www.omrserrature.it\\\/wp-content\\\/uploads\\\/2017\\\/09\\\/favicon-omr-114.png\",\"width\":114,\"height\":114,\"caption\":\"OMR Serrature | Produzione sistemi di chiusura\"},\"image\":{\"@id\":\"https:\\\/\\\/www.omrserrature.it\\\/de\\\/#\\\/schema\\\/logo\\\/image\\\/\"},\"sameAs\":[\"https:\\\/\\\/www.facebook.com\\\/OMRserrature\",\"https:\\\/\\\/www.linkedin.com\\\/company\\\/omrserrature\\\/\",\"https:\\\/\\\/www.youtube.com\\\/channel\\\/UCxmA85z2R0EpG_6IRokiAkg\"]}]}<\/script>\n<!-- \/ Yoast SEO plugin. -->","yoast_head_json":{"title":"Sektoren und Umgebungen - O.M.R. Schl\u00f6sser","description":"O.M.R. srl entwirft und fertigt Schl\u00f6sser f\u00fcr verschiedene Sektoren: Industrie, Krankenh\u00e4user, Bildungseinrichtungen und B\u00fcrogeb\u00e4ude. Entdecken Sie das komplette Angebot auf der Website und w\u00e4hlen Sie das richtige Produkt.","robots":{"index":"index","follow":"follow","max-snippet":"max-snippet:-1","max-image-preview":"max-image-preview:large","max-video-preview":"max-video-preview:-1"},"canonical":"https:\/\/www.omrserrature.it\/de\/bereiche\/","og_locale":"de_DE","og_type":"article","og_title":"Sektoren und Umgebungen - O.M.R. Schl\u00f6sser","og_description":"O.M.R. srl entwirft und fertigt Schl\u00f6sser f\u00fcr verschiedene Sektoren: Industrie, Krankenh\u00e4user, Bildungseinrichtungen und B\u00fcrogeb\u00e4ude. Entdecken Sie das komplette Angebot auf der Website und w\u00e4hlen Sie das richtige Produkt.","og_url":"https:\/\/www.omrserrature.it\/de\/bereiche\/","og_site_name":"OMR Serrature | Produzione sistemi di chiusura","article_publisher":"https:\/\/www.facebook.com\/OMRserrature","article_modified_time":"2025-11-24T08:34:26+00:00","og_image":[{"width":1920,"height":1080,"url":"https:\/\/www.omrserrature.it\/wp-content\/uploads\/2020\/06\/OMR_Serrature-Settori_e_ambienti.jpg","type":"image\/jpeg"}],"twitter_card":"summary_large_image","twitter_misc":{"Gesch\u00e4tzte Lesezeit":"6\u00a0Minuten"},"schema":{"@context":"https:\/\/schema.org","@graph":[{"@type":"WebPage","@id":"https:\/\/www.omrserrature.it\/de\/bereiche\/","url":"https:\/\/www.omrserrature.it\/de\/bereiche\/","name":"Sektoren und Umgebungen - O.M.R. Schl\u00f6sser","isPartOf":{"@id":"https:\/\/www.omrserrature.it\/de\/#website"},"primaryImageOfPage":{"@id":"https:\/\/www.omrserrature.it\/de\/bereiche\/#primaryimage"},"image":{"@id":"https:\/\/www.omrserrature.it\/de\/bereiche\/#primaryimage"},"thumbnailUrl":"https:\/\/www.omrserrature.it\/wp-content\/uploads\/2020\/06\/OMR_Serrature-Settori_e_ambienti.jpg","datePublished":"2020-05-22T15:12:35+00:00","dateModified":"2025-11-24T08:34:26+00:00","description":"O.M.R. srl entwirft und fertigt Schl\u00f6sser f\u00fcr verschiedene Sektoren: Industrie, Krankenh\u00e4user, Bildungseinrichtungen und B\u00fcrogeb\u00e4ude. Entdecken Sie das komplette Angebot auf der Website und w\u00e4hlen Sie das richtige Produkt.","breadcrumb":{"@id":"https:\/\/www.omrserrature.it\/de\/bereiche\/#breadcrumb"},"inLanguage":"de","potentialAction":[{"@type":"ReadAction","target":["https:\/\/www.omrserrature.it\/de\/bereiche\/"]}]},{"@type":"ImageObject","inLanguage":"de","@id":"https:\/\/www.omrserrature.it\/de\/bereiche\/#primaryimage","url":"https:\/\/www.omrserrature.it\/wp-content\/uploads\/2020\/06\/OMR_Serrature-Settori_e_ambienti.jpg","contentUrl":"https:\/\/www.omrserrature.it\/wp-content\/uploads\/2020\/06\/OMR_Serrature-Settori_e_ambienti.jpg","width":1920,"height":1080},{"@type":"BreadcrumbList","@id":"https:\/\/www.omrserrature.it\/de\/bereiche\/#breadcrumb","itemListElement":[{"@type":"ListItem","position":1,"name":"Home","item":"https:\/\/www.omrserrature.it\/de\/omr-serrature-sistemi-chiusura\/"},{"@type":"ListItem","position":2,"name":"Sektoren und Umgebungen"}]},{"@type":"WebSite","@id":"https:\/\/www.omrserrature.it\/de\/#website","url":"https:\/\/www.omrserrature.it\/de\/","name":"OMR Serrature | Produzione sistemi di chiusura","description":"Produzione serrature di sicurezza e sistemi di chiusura","publisher":{"@id":"https:\/\/www.omrserrature.it\/de\/#organization"},"potentialAction":[{"@type":"SearchAction","target":{"@type":"EntryPoint","urlTemplate":"https:\/\/www.omrserrature.it\/de\/?s={search_term_string}"},"query-input":{"@type":"PropertyValueSpecification","valueRequired":true,"valueName":"search_term_string"}}],"inLanguage":"de"},{"@type":"Organization","@id":"https:\/\/www.omrserrature.it\/de\/#organization","name":"OMR Serrature | Produzione sistemi di chiusura","url":"https:\/\/www.omrserrature.it\/de\/","logo":{"@type":"ImageObject","inLanguage":"de","@id":"https:\/\/www.omrserrature.it\/de\/#\/schema\/logo\/image\/","url":"https:\/\/www.omrserrature.it\/wp-content\/uploads\/2017\/09\/favicon-omr-114.png","contentUrl":"https:\/\/www.omrserrature.it\/wp-content\/uploads\/2017\/09\/favicon-omr-114.png","width":114,"height":114,"caption":"OMR Serrature | Produzione sistemi di chiusura"},"image":{"@id":"https:\/\/www.omrserrature.it\/de\/#\/schema\/logo\/image\/"},"sameAs":["https:\/\/www.facebook.com\/OMRserrature","https:\/\/www.linkedin.com\/company\/omrserrature\/","https:\/\/www.youtube.com\/channel\/UCxmA85z2R0EpG_6IRokiAkg"]}]}},"_links":{"self":[{"href":"https:\/\/www.omrserrature.it\/de\/wp-json\/wp\/v2\/pages\/17152","targetHints":{"allow":["GET"]}}],"collection":[{"href":"https:\/\/www.omrserrature.it\/de\/wp-json\/wp\/v2\/pages"}],"about":[{"href":"https:\/\/www.omrserrature.it\/de\/wp-json\/wp\/v2\/types\/page"}],"author":[{"embeddable":true,"href":"https:\/\/www.omrserrature.it\/de\/wp-json\/wp\/v2\/users\/14"}],"replies":[{"embeddable":true,"href":"https:\/\/www.omrserrature.it\/de\/wp-json\/wp\/v2\/comments?post=17152"}],"version-history":[{"count":7,"href":"https:\/\/www.omrserrature.it\/de\/wp-json\/wp\/v2\/pages\/17152\/revisions"}],"predecessor-version":[{"id":254590,"href":"https:\/\/www.omrserrature.it\/de\/wp-json\/wp\/v2\/pages\/17152\/revisions\/254590"}],"wp:featuredmedia":[{"embeddable":true,"href":"https:\/\/www.omrserrature.it\/de\/wp-json\/wp\/v2\/media\/14585"}],"wp:attachment":[{"href":"https:\/\/www.omrserrature.it\/de\/wp-json\/wp\/v2\/media?parent=17152"}],"curies":[{"name":"wp","href":"https:\/\/api.w.org\/{rel}","templated":true}]}}